{"id":12356,"date":"2020-11-02T17:56:10","date_gmt":"2020-11-02T15:56:10","guid":{"rendered":"https:\/\/tulepood.abc\/?post_type=product&#038;p=12356"},"modified":"2025-12-31T15:03:34","modified_gmt":"2025-12-31T13:03:34","slug":"sussermusser","status":"publish","type":"product","link":"https:\/\/tulepood.ee\/en\/shop\/peretooted-ja-komplektid\/laste-purotehnika\/sussermusser\/","title":{"rendered":"SUSSER MUSSER"},"content":{"rendered":"<p>Uudne ja moodne komplekt noorele p\u00fcrotehnikule. Komplekti kuulub 6 toodet.<\/p>\n<p>S\u00e4rin, Strobo v\u00e4lk, Kerav\u00e4lk, K\u00e4rtsupommid, Paugu pr\u00f5ksud\u00a0 2 tk<\/p>\n<p><img fetchpriority=\"high\" decoding=\"async\" class=\"alignnone size-medium wp-image-18130\" src=\"https:\/\/tulepood.ee\/wp-content\/uploads\/2025\/12\/susser-musser-300x300.jpg\" alt=\"\" width=\"300\" height=\"300\" srcset=\"https:\/\/tulepood.ee\/wp-content\/uploads\/2025\/12\/susser-musser-300x300.jpg 300w, https:\/\/tulepood.ee\/wp-content\/uploads\/2025\/12\/susser-musser-1024x1024.jpg 1024w, https:\/\/tulepood.ee\/wp-content\/uploads\/2025\/12\/susser-musser-150x150.jpg 150w, https:\/\/tulepood.ee\/wp-content\/uploads\/2025\/12\/susser-musser-768x768.jpg 768w, https:\/\/tulepood.ee\/wp-content\/uploads\/2025\/12\/susser-musser-1000x1000.jpg 1000w, https:\/\/tulepood.ee\/wp-content\/uploads\/2025\/12\/susser-musser-100x100.jpg 100w, https:\/\/tulepood.ee\/wp-content\/uploads\/2025\/12\/susser-musser.jpg 1500w\" sizes=\"(max-width: 300px) 100vw, 300px\" \/><\/p>\n<p>&nbsp;<\/p>\n<p>&nbsp;<\/p>\n","protected":false},"excerpt":{"rendered":"<p>Uudne ja moodne komplekt noorele p\u00fcrotehnikule. Komplekti kuulub 6 toodet. S\u00e4rin, Strobo v\u00e4lk, Kerav\u00e4lk, K\u00e4rtsupommid, Paugu pr\u00f5ksud\u00a0 2 tk &nbsp; &nbsp;<\/p>\n","protected":false},"featured_media":18130,"template":"","meta":[],"product_brand":[284],"product_cat":[263,256,261],"product_tag":[84],"class_list":{"0":"post-12356","1":"product","2":"type-product","3":"status-publish","4":"has-post-thumbnail","6":"product_brand-arnika-ilutulestikud","7":"product_cat-laste-purotehnika","8":"product_cat-peretooted-ja-komplektid","9":"product_cat-purotehnihnilised-komplektid","10":"product_tag-arnika","11":"pa_klass-f1","14":"outofstock","15":"shipping-taxable","16":"purchasable","17":"product-type-simple","18":"product-grid-view"},"_links":{"self":[{"href":"https:\/\/tulepood.ee\/en\/wp-json\/wp\/v2\/product\/12356","targetHints":{"allow":["GET"]}}],"collection":[{"href":"https:\/\/tulepood.ee\/en\/wp-json\/wp\/v2\/product"}],"about":[{"href":"https:\/\/tulepood.ee\/en\/wp-json\/wp\/v2\/types\/product"}],"wp:featuredmedia":[{"embeddable":true,"href":"https:\/\/tulepood.ee\/en\/wp-json\/wp\/v2\/media\/18130"}],"wp:attachment":[{"href":"https:\/\/tulepood.ee\/en\/wp-json\/wp\/v2\/media?parent=12356"}],"wp:term":[{"taxonomy":"product_brand","embeddable":true,"href":"https:\/\/tulepood.ee\/en\/wp-json\/wp\/v2\/product_brand?post=12356"},{"taxonomy":"product_cat","embeddable":true,"href":"https:\/\/tulepood.ee\/en\/wp-json\/wp\/v2\/product_cat?post=12356"},{"taxonomy":"product_tag","embeddable":true,"href":"https:\/\/tulepood.ee\/en\/wp-json\/wp\/v2\/product_tag?post=12356"}],"curies":[{"name":"wp","href":"https:\/\/api.w.org\/{rel}","templated":true}]}}