{"id":12362,"date":"2020-11-02T18:18:53","date_gmt":"2020-11-02T16:18:53","guid":{"rendered":"https:\/\/tulepood.abc\/?post_type=product&#038;p=12362"},"modified":"2025-12-29T15:46:15","modified_gmt":"2025-12-29T13:46:15","slug":"neooons","status":"publish","type":"product","link":"https:\/\/tulepood.ee\/en\/shop\/peretooted-ja-komplektid\/sarakuunlad\/neooons\/","title":{"rendered":"NEOON S\u00c4RAK\u00dc\u00dcNLAD"},"content":{"rendered":"<p>Neoon s\u00e4rak\u00fc\u00fcnlad.<\/p>\n<p>7 tk pakis.<\/p>\n<p>S\u00e4rak\u00fc\u00fcnla pikkus 17,5 cm.<\/p>\n<p><img fetchpriority=\"high\" decoding=\"async\" class=\"alignnone size-medium wp-image-18050\" src=\"https:\/\/tulepood.ee\/wp-content\/uploads\/2020\/11\/neoon-sarad-300x300.jpg\" alt=\"\" width=\"300\" height=\"300\" srcset=\"https:\/\/tulepood.ee\/wp-content\/uploads\/2020\/11\/neoon-sarad-300x300.jpg 300w, https:\/\/tulepood.ee\/wp-content\/uploads\/2020\/11\/neoon-sarad-1024x1024.jpg 1024w, https:\/\/tulepood.ee\/wp-content\/uploads\/2020\/11\/neoon-sarad-150x150.jpg 150w, https:\/\/tulepood.ee\/wp-content\/uploads\/2020\/11\/neoon-sarad-768x768.jpg 768w, https:\/\/tulepood.ee\/wp-content\/uploads\/2020\/11\/neoon-sarad-1000x1000.jpg 1000w, https:\/\/tulepood.ee\/wp-content\/uploads\/2020\/11\/neoon-sarad-100x100.jpg 100w, https:\/\/tulepood.ee\/wp-content\/uploads\/2020\/11\/neoon-sarad.jpg 1500w\" sizes=\"(max-width: 300px) 100vw, 300px\" \/><\/p>\n<p>&nbsp;<\/p>\n","protected":false},"excerpt":{"rendered":"<p>Neoon s\u00e4rak\u00fc\u00fcnlad. 7 tk pakis. S\u00e4rak\u00fc\u00fcnla pikkus 17,5 cm. &nbsp;<\/p>\n","protected":false},"featured_media":18050,"template":"","meta":[],"product_brand":[284],"product_cat":[260,256],"product_tag":[84],"class_list":{"0":"post-12362","1":"product","2":"type-product","3":"status-publish","4":"has-post-thumbnail","6":"product_brand-arnika-ilutulestikud","7":"product_cat-sarakuunlad","8":"product_cat-peretooted-ja-komplektid","9":"product_tag-arnika","10":"pa_klass-f1","13":"outofstock","14":"shipping-taxable","15":"purchasable","16":"product-type-simple","17":"product-grid-view"},"_links":{"self":[{"href":"https:\/\/tulepood.ee\/en\/wp-json\/wp\/v2\/product\/12362","targetHints":{"allow":["GET"]}}],"collection":[{"href":"https:\/\/tulepood.ee\/en\/wp-json\/wp\/v2\/product"}],"about":[{"href":"https:\/\/tulepood.ee\/en\/wp-json\/wp\/v2\/types\/product"}],"wp:featuredmedia":[{"embeddable":true,"href":"https:\/\/tulepood.ee\/en\/wp-json\/wp\/v2\/media\/18050"}],"wp:attachment":[{"href":"https:\/\/tulepood.ee\/en\/wp-json\/wp\/v2\/media?parent=12362"}],"wp:term":[{"taxonomy":"product_brand","embeddable":true,"href":"https:\/\/tulepood.ee\/en\/wp-json\/wp\/v2\/product_brand?post=12362"},{"taxonomy":"product_cat","embeddable":true,"href":"https:\/\/tulepood.ee\/en\/wp-json\/wp\/v2\/product_cat?post=12362"},{"taxonomy":"product_tag","embeddable":true,"href":"https:\/\/tulepood.ee\/en\/wp-json\/wp\/v2\/product_tag?post=12362"}],"curies":[{"name":"wp","href":"https:\/\/api.w.org\/{rel}","templated":true}]}}