{"id":12363,"date":"2020-11-02T18:21:21","date_gmt":"2020-11-02T16:21:21","guid":{"rendered":"https:\/\/tulepood.abc\/?post_type=product&#038;p=12363"},"modified":"2025-11-26T15:53:19","modified_gmt":"2025-11-26T13:53:19","slug":"kuldsetsara","status":"publish","type":"product","link":"https:\/\/tulepood.ee\/en\/shop\/ilutulestiku-patareid\/kuldsetsara\/","title":{"rendered":"KULDSED S\u00c4RAK\u00dc\u00dcNLAD"},"content":{"rendered":"<p>Kuldsed s\u00e4rak\u00fc\u00fcnlad.<\/p>\n<p>7tk pakis.<\/p>\n<p>S\u00e4rak\u00fc\u00fcnla pikkus 29cm.<\/p>\n<p><a href=\"https:\/\/tulepood.abc\/wp-content\/uploads\/2020\/11\/kuldsedsara.jpg\" rel=\"nofollow noopener\" target=\"_blank\"><img fetchpriority=\"high\" decoding=\"async\" class=\"alignnone size-medium wp-image-12349\" src=\"https:\/\/tulepood.abc\/wp-content\/uploads\/2020\/11\/kuldsedsara-300x300.jpg\" alt=\"\" width=\"300\" height=\"300\" \/><\/a><\/p>\n<p>&nbsp;<\/p>\n","protected":false},"excerpt":{"rendered":"<p>Kuldsed s\u00e4rak\u00fc\u00fcnlad. 7tk pakis. S\u00e4rak\u00fc\u00fcnla pikkus 29cm. &nbsp;<\/p>\n","protected":false},"featured_media":12349,"template":"","meta":[],"product_brand":[284,285],"product_cat":[250],"product_tag":[84],"class_list":{"0":"post-12363","1":"product","2":"type-product","3":"status-publish","4":"has-post-thumbnail","6":"product_brand-arnika-ilutulestikud","7":"product_brand-megafireworks","8":"product_cat-ilutulestiku-patareid","9":"product_tag-arnika","10":"pa_klass-f1","13":"outofstock","14":"shipping-taxable","15":"purchasable","16":"product-type-simple","17":"product-grid-view"},"_links":{"self":[{"href":"https:\/\/tulepood.ee\/en\/wp-json\/wp\/v2\/product\/12363","targetHints":{"allow":["GET"]}}],"collection":[{"href":"https:\/\/tulepood.ee\/en\/wp-json\/wp\/v2\/product"}],"about":[{"href":"https:\/\/tulepood.ee\/en\/wp-json\/wp\/v2\/types\/product"}],"wp:featuredmedia":[{"embeddable":true,"href":"https:\/\/tulepood.ee\/en\/wp-json\/wp\/v2\/media\/12349"}],"wp:attachment":[{"href":"https:\/\/tulepood.ee\/en\/wp-json\/wp\/v2\/media?parent=12363"}],"wp:term":[{"taxonomy":"product_brand","embeddable":true,"href":"https:\/\/tulepood.ee\/en\/wp-json\/wp\/v2\/product_brand?post=12363"},{"taxonomy":"product_cat","embeddable":true,"href":"https:\/\/tulepood.ee\/en\/wp-json\/wp\/v2\/product_cat?post=12363"},{"taxonomy":"product_tag","embeddable":true,"href":"https:\/\/tulepood.ee\/en\/wp-json\/wp\/v2\/product_tag?post=12363"}],"curies":[{"name":"wp","href":"https:\/\/api.w.org\/{rel}","templated":true}]}}