{"id":12923,"date":"2021-11-07T13:45:06","date_gmt":"2021-11-07T11:45:06","guid":{"rendered":"https:\/\/tulepood.abc\/?post_type=product&#038;p=12923"},"modified":"2025-11-26T15:54:30","modified_gmt":"2025-11-26T13:54:30","slug":"sarakuunlad-90-cm","status":"publish","type":"product","link":"https:\/\/tulepood.ee\/en\/shop\/ilutulestiku-patareid\/sarakuunlad-90-cm\/","title":{"rendered":"S\u00c4RAK\u00dc\u00dcNLAD 90 CM"},"content":{"rendered":"<p>SUURED S\u00c4RAK\u00dc\u00dcNLAD 90 cm &#8211; 3 tk<\/p>\n<p><a href=\"https:\/\/tulepood.abc\/wp-content\/uploads\/2021\/07\/bengalikos-ugnels-70cm.jpg\" rel=\"nofollow noopener\" target=\"_blank\"><img decoding=\"async\" class=\"alignnone size-medium wp-image-12832\" src=\"https:\/\/tulepood.abc\/wp-content\/uploads\/2021\/07\/bengalikos-ugnels-70cm-300x150.jpg\" alt=\"\" width=\"300\" height=\"150\" \/><\/a><\/p>\n","protected":false},"excerpt":{"rendered":"<p>&nbsp;<\/p>\n<p>Minimaalne vanus: 18<br \/>\nInfotelefon:+372 58 470147<br \/>\nwww.tulepood.ee<br \/>\nPunane 40. Tallinn.<\/p>\n<p>&nbsp;<\/p>\n","protected":false},"featured_media":12924,"template":"","meta":[],"product_brand":[285,287],"product_cat":[250],"product_tag":[107],"class_list":{"0":"post-12923","1":"product","2":"type-product","3":"status-publish","4":"has-post-thumbnail","6":"product_brand-megafireworks","7":"product_brand-triplex-fireworks","8":"product_cat-ilutulestiku-patareid","9":"product_tag-triplex","10":"pa_klass-f1","13":"outofstock","14":"shipping-taxable","15":"purchasable","16":"product-type-simple","17":"product-grid-view"},"_links":{"self":[{"href":"https:\/\/tulepood.ee\/en\/wp-json\/wp\/v2\/product\/12923","targetHints":{"allow":["GET"]}}],"collection":[{"href":"https:\/\/tulepood.ee\/en\/wp-json\/wp\/v2\/product"}],"about":[{"href":"https:\/\/tulepood.ee\/en\/wp-json\/wp\/v2\/types\/product"}],"wp:featuredmedia":[{"embeddable":true,"href":"https:\/\/tulepood.ee\/en\/wp-json\/wp\/v2\/media\/12924"}],"wp:attachment":[{"href":"https:\/\/tulepood.ee\/en\/wp-json\/wp\/v2\/media?parent=12923"}],"wp:term":[{"taxonomy":"product_brand","embeddable":true,"href":"https:\/\/tulepood.ee\/en\/wp-json\/wp\/v2\/product_brand?post=12923"},{"taxonomy":"product_cat","embeddable":true,"href":"https:\/\/tulepood.ee\/en\/wp-json\/wp\/v2\/product_cat?post=12923"},{"taxonomy":"product_tag","embeddable":true,"href":"https:\/\/tulepood.ee\/en\/wp-json\/wp\/v2\/product_tag?post=12923"}],"curies":[{"name":"wp","href":"https:\/\/api.w.org\/{rel}","templated":true}]}}