{"id":13427,"date":"2022-11-25T13:51:08","date_gmt":"2022-11-25T11:51:08","guid":{"rendered":"https:\/\/tulepood.abc\/?post_type=product&#038;p=13427"},"modified":"2025-12-31T15:02:44","modified_gmt":"2025-12-31T13:02:44","slug":"padrunivoo","status":"publish","type":"product","link":"https:\/\/tulepood.ee\/en\/shop\/ilutulestiku-patareid\/vaiksed-ilutulestikud\/padrunivoo\/","title":{"rendered":"PADRUNIV\u00d6\u00d6"},"content":{"rendered":"<p>PADRUNIV\u00d6\u00d6<\/p>\n<p>Olete enda alati tahtnud tunda metsikus l\u00e4\u00e4nes ringi kappava kauboina, aga samas nagu hobuse selga ronida ikka ei julge? Alustuseks sobib \u00fcks m\u00f5nus padruniv\u00f6\u00f6. Just sellenimeline laengutekomplekt sisaldab k\u00fcmme uhket j\u00f5makat, mis suvalise p\u00fcstoli laskudele kiirelt \u00fcks-null \u00e4ra teeb.<\/p>\n<p>Lennuk\u00f5rgus 20m.<\/p>\n<ul>\n<li><strong><span class=\"style-scope yt-formatted-string\" dir=\"auto\">Minimaalne vanus: 18 <\/span><\/strong><\/li>\n<\/ul>\n<p><span class=\"style-scope yt-formatted-string\" dir=\"auto\">NB! P\u00fcrotehniliste toodete m\u00fc\u00fcgilitsentsi nr.: LPK000152. <\/span><\/p>\n<ul>\n<li><em><span class=\"style-scope yt-formatted-string\" dir=\"auto\">\u2022 Infotelefon: + 372 58 470147<\/span><\/em><\/li>\n<li><em><span class=\"style-scope yt-formatted-string\" dir=\"auto\"> \u2022 e-post: pood@tulepood.ee <\/span><\/em><\/li>\n<li><em><span class=\"style-scope yt-formatted-string\" dir=\"auto\">\u2022 E-R 10-18, L 12-16 &#8211; Punane 40, Tallinn 13619 Estonia<\/span><\/em><\/li>\n<\/ul>\n<p><span class=\"style-scope yt-formatted-string\" dir=\"auto\"> \u2022 <\/span><a class=\"yt-simple-endpoint style-scope yt-formatted-string\" dir=\"auto\" spellcheck=\"false\" href=\"https:\/\/www.youtube.com\/redirect?event=video_description&amp;redir_token=QUFFLUhqbWhBVlRadFFBdno5OUtXSnhXbWd4NmRmYWxJUXxBQ3Jtc0tsWmNIdEdOSGNRdzJHRmhibi1lYkFFOXQ5OGZ1QUZLUkRkSmpQOHJMeThLbXZmcEVLNmxxZzg0UDlmZHY1TWNXRTQ4MTZjWUpIZm00dGRNREFtTE9pMHhNT1piQzVOZUQzT3NGRU1JanBJckxfXzNSRQ&amp;q=https%3A%2F%2Fwww.facebook.com%2Ftulepood.ilu..&amp;v=X_KDuPQa-o0\" target=\"_blank\" rel=\"nofollow noopener\">https:\/\/www.facebook.com\/tulepood.ilu..<\/a><span class=\"style-scope yt-formatted-string\" dir=\"auto\">.<\/span><\/p>\n<p><span class=\"style-scope yt-formatted-string\" dir=\"auto\"> \u2022 <\/span><a class=\"yt-simple-endpoint style-scope yt-formatted-string\" dir=\"auto\" spellcheck=\"false\" href=\"https:\/\/www.youtube.com\/redirect?event=video_description&amp;redir_token=QUFFLUhqbWFYSWYxNDNaNmpQNy1wRlByenA2QldPcmRtZ3xBQ3Jtc0tteUFJSHhWVnBZblBHbXpCbWxNUEJIUDBFT0IxSm5ob3ZZaDNQRkhNX0NUOWo2Z3AzMmF3eDBqZURwT1E3VlF6T1FXUjFqUFRZX2NXeXZxanhLN3FqYl82dHdkR1JhQXUtUlFPeVBGWGxBQm9Za0huaw&amp;q=https%3A%2F%2Fwww.instagram.com%2Ftulepood.il..&amp;v=X_KDuPQa-o0\" target=\"_blank\" rel=\"nofollow noopener\">https:\/\/www.instagram.com\/tulepood.il..<\/a><span class=\"style-scope yt-formatted-string\" dir=\"auto\">. <\/span><\/p>\n<p><span class=\"style-scope yt-formatted-string\" dir=\"auto\">\u2022 <\/span><a class=\"yt-simple-endpoint style-scope yt-formatted-string\" dir=\"auto\" spellcheck=\"false\" href=\"https:\/\/www.youtube.com\/redirect?event=video_description&amp;redir_token=QUFFLUhqbWpDX3M1SnRXNWFhT3RsMnM0TU1EaG41TjEwQXxBQ3Jtc0ttV0o2YlhUeEdlMXpQMDBqNzAycVRxMzk2bVEzdW1lSnRNeDJJRFI1MGdmU3dDaDFFVzFHYzRMb3lKQWo1cFNhUVpYQ2NDeFczVTZiWG5yaEo2Z2F4WURpS0pGSzRoWktVcUl4RlV2aWQyNmx3YkUtNA&amp;q=https%3A%2F%2Fvk.com%2Ftulepood.ilutulestikud&amp;v=X_KDuPQa-o0\" target=\"_blank\" rel=\"nofollow noopener\">https:\/\/vk.com\/tulepood.ilutulestikud<\/a><\/p>\n<p><span class=\"style-scope yt-formatted-string\" dir=\"auto\">\u2022 <\/span><a class=\"yt-simple-endpoint style-scope yt-formatted-string\" dir=\"auto\" spellcheck=\"false\" href=\"https:\/\/www.youtube.com\/redirect?event=video_description&amp;redir_token=QUFFLUhqbldiNDlZa1c3U1E5dGwwdWJlYnRRWlNyRmVGUXxBQ3Jtc0trYjR2RzhEOFNuUlBxemhZRmoxMU90c2FDMVVLVTZ5X2JmOHVJXzFtMGt3dy1XWnRKdG5LdmdabS1qdkJHXzl3c1pmcnk3LVVJejB3S0h6NC1nNV9fUlZjck4zcEZ5Tm5uSjd0Z3dCNWpOMmRHVVZqcw&amp;q=https%3A%2F%2Fwww.tiktok.com%2F%40tulepood.ee&amp;v=X_KDuPQa-o0\" target=\"_blank\" rel=\"nofollow noopener\">https:\/\/www.tiktok.com\/@tulepood.ee<\/a><\/p>\n<p><a href=\"https:\/\/tulepood.abc\/wp-content\/uploads\/2020\/11\/padrunivool.jpg\" rel=\"nofollow noopener\" target=\"_blank\"><img fetchpriority=\"high\" decoding=\"async\" class=\"alignnone size-medium wp-image-12351\" src=\"https:\/\/tulepood.abc\/wp-content\/uploads\/2020\/11\/padrunivool-300x300.jpg\" alt=\"\" width=\"300\" height=\"300\" \/><\/a><\/p>\n<p>&nbsp;<\/p>\n","protected":false},"excerpt":{"rendered":"<p>PADRUNIV\u00d6\u00d6 Olete enda alati tahtnud tunda metsikus l\u00e4\u00e4nes ringi kappava kauboina, aga samas nagu hobuse selga ronida ikka ei julge? Alustuseks sobib \u00fcks m\u00f5nus padruniv\u00f6\u00f6. Just sellenimeline laengutekomplekt sisaldab k\u00fcmme uhket j\u00f5makat, mis suvalise p\u00fcstoli laskudele kiirelt \u00fcks-null \u00e4ra teeb. Lennuk\u00f5rgus 20m. Minimaalne vanus: 18 NB! P\u00fcrotehniliste toodete m\u00fc\u00fcgilitsentsi nr.: LPK000152. \u2022 Infotelefon: + 372 [&hellip;]<\/p>\n","protected":false},"featured_media":12351,"template":"","meta":[],"product_brand":[284,285],"product_cat":[251],"product_tag":[84],"class_list":{"0":"post-13427","1":"product","2":"type-product","3":"status-publish","4":"has-post-thumbnail","6":"product_brand-arnika-ilutulestikud","7":"product_brand-megafireworks","8":"product_cat-vaiksed-ilutulestikud","9":"product_tag-arnika","10":"pa_klass-f1","13":"outofstock","14":"shipping-taxable","15":"purchasable","16":"product-type-simple","17":"product-grid-view"},"_links":{"self":[{"href":"https:\/\/tulepood.ee\/en\/wp-json\/wp\/v2\/product\/13427","targetHints":{"allow":["GET"]}}],"collection":[{"href":"https:\/\/tulepood.ee\/en\/wp-json\/wp\/v2\/product"}],"about":[{"href":"https:\/\/tulepood.ee\/en\/wp-json\/wp\/v2\/types\/product"}],"wp:featuredmedia":[{"embeddable":true,"href":"https:\/\/tulepood.ee\/en\/wp-json\/wp\/v2\/media\/12351"}],"wp:attachment":[{"href":"https:\/\/tulepood.ee\/en\/wp-json\/wp\/v2\/media?parent=13427"}],"wp:term":[{"taxonomy":"product_brand","embeddable":true,"href":"https:\/\/tulepood.ee\/en\/wp-json\/wp\/v2\/product_brand?post=13427"},{"taxonomy":"product_cat","embeddable":true,"href":"https:\/\/tulepood.ee\/en\/wp-json\/wp\/v2\/product_cat?post=13427"},{"taxonomy":"product_tag","embeddable":true,"href":"https:\/\/tulepood.ee\/en\/wp-json\/wp\/v2\/product_tag?post=13427"}],"curies":[{"name":"wp","href":"https:\/\/api.w.org\/{rel}","templated":true}]}}