{"id":15762,"date":"2024-12-17T12:51:04","date_gmt":"2024-12-17T10:51:04","guid":{"rendered":"https:\/\/tulepood.abc\/?post_type=product&#038;p=15762"},"modified":"2026-04-10T16:31:36","modified_gmt":"2026-04-10T13:31:36","slug":"ilutulestik-golden-cherry-mf144","status":"publish","type":"product","link":"https:\/\/tulepood.ee\/en\/shop\/ilutulestiku-patareid\/suured-ilutulestikud\/ilutulestik-golden-cherry-mf144\/","title":{"rendered":"Ilutulestik &#8220;Golden Cherry&#8221;"},"content":{"rendered":"<p>Laskude arv:\u00a0 144<br \/>\nKestvus (sek): 1 min 10 sek<br \/>\nKaliiber (mm): 25-30<br \/>\nMinimaalne vanus: 18<\/p>\n<ul>\n<li dir=\"ltr\">\u00a0Tulepood ilutulestikud &#8211; PyroShow<\/li>\n<li dir=\"ltr\">\u00a0e-post: <a href=\"mailto:info@firework.ee\" target=\"_blank\" rel=\"noopener\">info@firework.ee<\/a><\/li>\n<li>\u00a0E-R 10-18, L 12-16 &#8211; Punane 40, Tallinn 13619 Estonia<\/li>\n<\/ul>\n<h3 data-section-id=\"1yj5n75\" data-start=\"1152\" data-end=\"1178\"><img decoding=\"async\" class=\"emoji\" role=\"img\" draggable=\"false\" src=\"https:\/\/s.w.org\/images\/core\/emoji\/17.0.2\/svg\/1f3af.svg\" alt=\"\ud83c\udfaf\" \/>\u00a0Kasutus &amp; soovitused<\/h3>\n<ul data-start=\"1179\" data-end=\"1333\">\n<li data-section-id=\"1253ddw\" data-start=\"1179\" data-end=\"1217\">Aseta tasasele ja kindlale pinnale<\/li>\n<li data-section-id=\"1h020u8\" data-start=\"1218\" data-end=\"1259\">S\u00fc\u00fcta ainult \u00fcks kord ja eemaldu kohe<\/li>\n<li data-section-id=\"1udtqwt\" data-start=\"1260\" data-end=\"1302\">Hoia ohutut distantsi v\u00e4hemalt 20\u201325 m<\/li>\n<li data-section-id=\"1lsm0su\" data-start=\"1303\" data-end=\"1333\">Parima efekti saad pimedas<\/li>\n<\/ul>\n<h3 data-section-id=\"u6s261\" data-start=\"1394\" data-end=\"1415\"><img decoding=\"async\" class=\"emoji\" role=\"img\" draggable=\"false\" src=\"https:\/\/s.w.org\/images\/core\/emoji\/17.0.2\/svg\/26a0.svg\" alt=\"\u26a0\ufe0f\" \/>\u00a0Ohutus &amp; seadus<\/h3>\n<ul>\n<li data-section-id=\"1pj2t7m\" data-start=\"1416\" data-end=\"1435\">M\u00fc\u00fck alates 18+<\/li>\n<li data-section-id=\"kw8ye4\" data-start=\"1436\" data-end=\"1471\">Kasutada ainult v\u00e4litingimustes<\/li>\n<li data-section-id=\"j5nad2\" data-start=\"1472\" data-end=\"1509\">J\u00e4rgida pakendil olevaid juhiseid<\/li>\n<li data-section-id=\"3te98c\" data-start=\"1510\" data-end=\"1547\">Hoida lastele k\u00e4ttesaamatus kohas<\/li>\n<\/ul>\n<p>&nbsp;<\/p>\n<ul>\n<li dir=\"ltr\"><a href=\"https:\/\/www.youtube.com\/@TulePoodilutulestikud\" target=\"_blank\" rel=\"noopener nofollow\">https:\/\/www.youtube.com\/@TulePoodilutulestikud<\/a><\/li>\n<li dir=\"ltr\"><a href=\"https:\/\/www.tiktok.com\/@tulepood.ee\" target=\"_blank\" rel=\"noopener\">https:\/\/www.tiktok.com\/@tulepood.ee<\/a><\/li>\n<li dir=\"ltr\"><a href=\"https:\/\/www.facebook.com\/tulepood.ilutulestikud\" target=\"_blank\" rel=\"noopener nofollow\">https:\/\/www.facebook.com\/tulepood.ilutulestikud<\/a><\/li>\n<li dir=\"ltr\"><a href=\"https:\/\/www.instagram.com\/tulepood.ilutulestikud\" target=\"_blank\" rel=\"noopener nofollow\">https:\/\/www.instagram.com\/tulepood.ilutulestikud<\/a><\/li>\n<li><a href=\"https:\/\/g.page\/tulepood.ilutulestikud\" target=\"_blank\" rel=\"noopener nofollow\">https:\/\/g.page\/tulepood.ilutulestikud<\/a><\/li>\n<\/ul>\n<p><iframe title=\"Fejerverkas &quot;MF144&quot;\" width=\"1230\" height=\"692\" src=\"https:\/\/www.youtube.com\/embed\/Lk07lhj0G3g?feature=oembed&#038;enablejsapi=1&#038;origin=https:\/\/tulepood.ee\" frameborder=\"0\" allow=\"accelerometer; autoplay; clipboard-write; encrypted-media; gyroscope; picture-in-picture; web-share\" referrerpolicy=\"strict-origin-when-cross-origin\" allowfullscreen><\/iframe><\/p>\n<p>&nbsp;<\/p>\n","protected":false},"excerpt":{"rendered":"<p>Laskude arv:\u00a0 144 Kestvus (sek): 1 min 10 sek Kaliiber (mm): 25-30 Minimaalne vanus: 18 \u00a0Tulepood ilutulestikud &#8211; PyroShow \u00a0e-post: info@firework.ee \u00a0E-R 10-18, L 12-16 &#8211; Punane 40, Tallinn 13619 Estonia \u00a0Kasutus &amp; soovitused Aseta tasasele ja kindlale pinnale S\u00fc\u00fcta ainult \u00fcks kord ja eemaldu kohe Hoia ohutut distantsi v\u00e4hemalt 20\u201325 m Parima efekti saad [&hellip;]<\/p>\n","protected":false},"featured_media":15763,"template":"","meta":[],"product_brand":[285],"product_cat":[253],"product_tag":[127],"class_list":{"0":"post-15762","1":"product","2":"type-product","3":"status-publish","4":"has-post-thumbnail","6":"product_brand-megafireworks","7":"product_cat-suured-ilutulestikud","8":"product_tag-megafireworks","9":"pa_klass-f2","12":"outofstock","13":"featured","14":"shipping-taxable","15":"purchasable","16":"product-type-simple","17":"product-grid-view"},"_links":{"self":[{"href":"https:\/\/tulepood.ee\/en\/wp-json\/wp\/v2\/product\/15762","targetHints":{"allow":["GET"]}}],"collection":[{"href":"https:\/\/tulepood.ee\/en\/wp-json\/wp\/v2\/product"}],"about":[{"href":"https:\/\/tulepood.ee\/en\/wp-json\/wp\/v2\/types\/product"}],"wp:featuredmedia":[{"embeddable":true,"href":"https:\/\/tulepood.ee\/en\/wp-json\/wp\/v2\/media\/15763"}],"wp:attachment":[{"href":"https:\/\/tulepood.ee\/en\/wp-json\/wp\/v2\/media?parent=15762"}],"wp:term":[{"taxonomy":"product_brand","embeddable":true,"href":"https:\/\/tulepood.ee\/en\/wp-json\/wp\/v2\/product_brand?post=15762"},{"taxonomy":"product_cat","embeddable":true,"href":"https:\/\/tulepood.ee\/en\/wp-json\/wp\/v2\/product_cat?post=15762"},{"taxonomy":"product_tag","embeddable":true,"href":"https:\/\/tulepood.ee\/en\/wp-json\/wp\/v2\/product_tag?post=15762"}],"curies":[{"name":"wp","href":"https:\/\/api.w.org\/{rel}","templated":true}]}}