{"id":15897,"date":"2024-12-19T12:50:52","date_gmt":"2024-12-19T10:50:52","guid":{"rendered":"https:\/\/tulepood.abc\/?post_type=product&#038;p=15897"},"modified":"2025-11-27T18:33:49","modified_gmt":"2025-11-27T16:33:49","slug":"ilutulestik-hello-copy","status":"publish","type":"product","link":"https:\/\/tulepood.ee\/en\/shop\/ilutulestiku-patareid\/keskmised-ilutulestikud\/ilutulestik-hello-copy\/","title":{"rendered":"Ilutulestik  HELLO!"},"content":{"rendered":"<ul>\n<li><span class=\"style-scope yt-formatted-string\" dir=\"auto\">Laskude arv: 50<\/span><\/li>\n<li><span class=\"style-scope yt-formatted-string\" dir=\"auto\">Kestvus (sek): 30 sek<\/span><\/li>\n<li><span class=\"style-scope yt-formatted-string\" dir=\"auto\">Kaliiber (mm): 20<\/span><\/li>\n<li><span class=\"style-scope yt-formatted-string\" dir=\"auto\">Minimaalne vanus: 18 <\/span><\/li>\n<\/ul>\n<p><span class=\"style-scope yt-formatted-string\" dir=\"auto\">NB! P\u00fcrotehniliste toodete m\u00fc\u00fcgilitsentsi nr.: LPK000152. <\/span><\/p>\n<ul>\n<li><em><span class=\"style-scope yt-formatted-string\" dir=\"auto\">\u2022 Infotelefon: + 372 58 470147<\/span><\/em><\/li>\n<li><em><span class=\"style-scope yt-formatted-string\" dir=\"auto\"> \u2022 e-post: pood@tulepood.ee <\/span><\/em><\/li>\n<li><em><span class=\"style-scope yt-formatted-string\" dir=\"auto\">\u2022 E-R 10-18, L 12-16 &#8211; Punane 40, Tallinn 13619 Estonia<\/span><\/em><\/li>\n<\/ul>\n<p><span class=\"style-scope yt-formatted-string\" dir=\"auto\"> \u2022 <\/span><a class=\"yt-simple-endpoint style-scope yt-formatted-string\" dir=\"auto\" spellcheck=\"false\" href=\"https:\/\/www.youtube.com\/redirect?event=video_description&amp;redir_token=QUFFLUhqbWhBVlRadFFBdno5OUtXSnhXbWd4NmRmYWxJUXxBQ3Jtc0tsWmNIdEdOSGNRdzJHRmhibi1lYkFFOXQ5OGZ1QUZLUkRkSmpQOHJMeThLbXZmcEVLNmxxZzg0UDlmZHY1TWNXRTQ4MTZjWUpIZm00dGRNREFtTE9pMHhNT1piQzVOZUQzT3NGRU1JanBJckxfXzNSRQ&amp;q=https%3A%2F%2Fwww.facebook.com%2Ftulepood.ilu..&amp;v=X_KDuPQa-o0\" target=\"_blank\" rel=\"nofollow noopener\">https:\/\/www.facebook.com\/tulepood.ilu..<\/a><span class=\"style-scope yt-formatted-string\" dir=\"auto\">.<\/span><\/p>\n<p><span class=\"style-scope yt-formatted-string\" dir=\"auto\"> \u2022 <\/span><a class=\"yt-simple-endpoint style-scope yt-formatted-string\" dir=\"auto\" spellcheck=\"false\" href=\"https:\/\/www.youtube.com\/redirect?event=video_description&amp;redir_token=QUFFLUhqbWFYSWYxNDNaNmpQNy1wRlByenA2QldPcmRtZ3xBQ3Jtc0tteUFJSHhWVnBZblBHbXpCbWxNUEJIUDBFT0IxSm5ob3ZZaDNQRkhNX0NUOWo2Z3AzMmF3eDBqZURwT1E3VlF6T1FXUjFqUFRZX2NXeXZxanhLN3FqYl82dHdkR1JhQXUtUlFPeVBGWGxBQm9Za0huaw&amp;q=https%3A%2F%2Fwww.instagram.com%2Ftulepood.il..&amp;v=X_KDuPQa-o0\" target=\"_blank\" rel=\"nofollow noopener\">https:\/\/www.instagram.com\/tulepood.il..<\/a><span class=\"style-scope yt-formatted-string\" dir=\"auto\">. <\/span><\/p>\n<p><span class=\"style-scope yt-formatted-string\" dir=\"auto\">\u2022 <\/span><a class=\"yt-simple-endpoint style-scope yt-formatted-string\" dir=\"auto\" spellcheck=\"false\" href=\"https:\/\/www.youtube.com\/redirect?event=video_description&amp;redir_token=QUFFLUhqbWpDX3M1SnRXNWFhT3RsMnM0TU1EaG41TjEwQXxBQ3Jtc0ttV0o2YlhUeEdlMXpQMDBqNzAycVRxMzk2bVEzdW1lSnRNeDJJRFI1MGdmU3dDaDFFVzFHYzRMb3lKQWo1cFNhUVpYQ2NDeFczVTZiWG5yaEo2Z2F4WURpS0pGSzRoWktVcUl4RlV2aWQyNmx3YkUtNA&amp;q=https%3A%2F%2Fvk.com%2Ftulepood.ilutulestikud&amp;v=X_KDuPQa-o0\" target=\"_blank\" rel=\"nofollow noopener\">https:\/\/vk.com\/tulepood.ilutulestikud<\/a><\/p>\n<p><span class=\"style-scope yt-formatted-string\" dir=\"auto\">\u2022 <\/span><a class=\"yt-simple-endpoint style-scope yt-formatted-string\" dir=\"auto\" spellcheck=\"false\" href=\"https:\/\/www.youtube.com\/redirect?event=video_description&amp;redir_token=QUFFLUhqbldiNDlZa1c3U1E5dGwwdWJlYnRRWlNyRmVGUXxBQ3Jtc0trYjR2RzhEOFNuUlBxemhZRmoxMU90c2FDMVVLVTZ5X2JmOHVJXzFtMGt3dy1XWnRKdG5LdmdabS1qdkJHXzl3c1pmcnk3LVVJejB3S0h6NC1nNV9fUlZjck4zcEZ5Tm5uSjd0Z3dCNWpOMmRHVVZqcw&amp;q=https%3A%2F%2Fwww.tiktok.com%2F%40tulepood.ee&amp;v=X_KDuPQa-o0\" target=\"_blank\" rel=\"nofollow noopener\">https:\/\/www.tiktok.com\/@tulepood.ee<\/a><\/p>\n<p><iframe title=\"Ilutulestik HELLO!\" width=\"1230\" height=\"692\" src=\"https:\/\/www.youtube.com\/embed\/87KGROttdqM?feature=oembed\" frameborder=\"0\" allow=\"accelerometer; autoplay; clipboard-write; encrypted-media; gyroscope; picture-in-picture; web-share\" referrerpolicy=\"strict-origin-when-cross-origin\" allowfullscreen><\/iframe><\/p>\n","protected":false},"excerpt":{"rendered":"<p>Laskude arv: 50 Kestvus (sek): 30 sek Kaliiber (mm): 20 Minimaalne vanus: 18 NB! P\u00fcrotehniliste toodete m\u00fc\u00fcgilitsentsi nr.: LPK000152. \u2022 Infotelefon: + 372 58 470147 \u2022 e-post: pood@tulepood.ee \u2022 E-R 10-18, L 12-16 &#8211; Punane 40, Tallinn 13619 Estonia \u2022 https:\/\/www.facebook.com\/tulepood.ilu&#8230; \u2022 https:\/\/www.instagram.com\/tulepood.il&#8230; \u2022 https:\/\/vk.com\/tulepood.ilutulestikud \u2022 https:\/\/www.tiktok.com\/@tulepood.ee<\/p>\n","protected":false},"featured_media":15649,"template":"","meta":[],"product_brand":[287],"product_cat":[252],"product_tag":[107],"class_list":{"0":"post-15897","1":"product","2":"type-product","3":"status-publish","4":"has-post-thumbnail","6":"product_brand-triplex-fireworks","7":"product_cat-keskmised-ilutulestikud","8":"product_tag-triplex","9":"pa_klass-f2","12":"outofstock","13":"shipping-taxable","14":"purchasable","15":"product-type-simple","16":"product-grid-view"},"_links":{"self":[{"href":"https:\/\/tulepood.ee\/en\/wp-json\/wp\/v2\/product\/15897","targetHints":{"allow":["GET"]}}],"collection":[{"href":"https:\/\/tulepood.ee\/en\/wp-json\/wp\/v2\/product"}],"about":[{"href":"https:\/\/tulepood.ee\/en\/wp-json\/wp\/v2\/types\/product"}],"wp:featuredmedia":[{"embeddable":true,"href":"https:\/\/tulepood.ee\/en\/wp-json\/wp\/v2\/media\/15649"}],"wp:attachment":[{"href":"https:\/\/tulepood.ee\/en\/wp-json\/wp\/v2\/media?parent=15897"}],"wp:term":[{"taxonomy":"product_brand","embeddable":true,"href":"https:\/\/tulepood.ee\/en\/wp-json\/wp\/v2\/product_brand?post=15897"},{"taxonomy":"product_cat","embeddable":true,"href":"https:\/\/tulepood.ee\/en\/wp-json\/wp\/v2\/product_cat?post=15897"},{"taxonomy":"product_tag","embeddable":true,"href":"https:\/\/tulepood.ee\/en\/wp-json\/wp\/v2\/product_tag?post=15897"}],"curies":[{"name":"wp","href":"https:\/\/api.w.org\/{rel}","templated":true}]}}