{"id":18233,"date":"2025-12-18T17:16:23","date_gmt":"2025-12-18T15:16:23","guid":{"rendered":"https:\/\/tulepood.ee\/?post_type=product&#038;p=18233"},"modified":"2026-02-03T09:55:46","modified_gmt":"2026-02-03T07:55:46","slug":"bombardir","status":"publish","type":"product","link":"https:\/\/tulepood.ee\/en\/shop\/ilutulestiku-patareid\/vaiksed-ilutulestikud\/bombardir\/","title":{"rendered":"Ilutulestik Bombard"},"content":{"rendered":"<p>\u00dchelasuline ilutulestiku toru 48mm.<\/p>\n<p>Valikus kolm erinevat efekti<\/p>\n<p>Kuldne m\u00fcristus &#8211; suur kullapomm<\/p>\n<p>Pragina pommitaja &#8211; v\u00f5imas pragin<\/p>\n<p>Vilkuv v\u00e4lk &#8211; ilus vilkuv t\u00e4hepomm<\/p>\n<p>Kaliiber 48mm<\/p>\n<p>\u201eNB! Tegemist on t\u00fcki hinnaga. Ladu komplekteerib tooted juhusliku valiku alusel. Kui teil on erisoov m\u00f5ne konkreetse efekti osas, palun m\u00e4rkige see tellimuse kommentaaris.\u201c<\/p>\n<p>Ainult v\u00e4ljas kasutamiseks.<\/p>\n<ul>\n<li><strong><span class=\"style-scope yt-formatted-string\" dir=\"auto\">Minimaalne vanus: 18<\/span><\/strong><\/li>\n<\/ul>\n<p><span class=\"style-scope yt-formatted-string\" dir=\"auto\">NB! P\u00fcrotehniliste toodete m\u00fc\u00fcgilitsentsi nr.: LPK000152. <\/span><\/p>\n<ul>\n<li><em><span class=\"style-scope yt-formatted-string\" dir=\"auto\">\u2022 Infotelefon: + 372 58 470147<\/span><\/em><\/li>\n<li><em><span class=\"style-scope yt-formatted-string\" dir=\"auto\"> \u2022 e-post: pood@tulepood.ee <\/span><\/em><\/li>\n<li><em><span class=\"style-scope yt-formatted-string\" dir=\"auto\">\u2022 E-R 10-18, L 12-16 &#8211; Punane 40, Tallinn 13619 Estonia<\/span><\/em><\/li>\n<\/ul>\n<p><span class=\"style-scope yt-formatted-string\" dir=\"auto\"> \u2022 <\/span><a class=\"yt-simple-endpoint style-scope yt-formatted-string\" dir=\"auto\" spellcheck=\"false\" href=\"https:\/\/www.youtube.com\/redirect?event=video_description&amp;redir_token=QUFFLUhqbWhBVlRadFFBdno5OUtXSnhXbWd4NmRmYWxJUXxBQ3Jtc0tsWmNIdEdOSGNRdzJHRmhibi1lYkFFOXQ5OGZ1QUZLUkRkSmpQOHJMeThLbXZmcEVLNmxxZzg0UDlmZHY1TWNXRTQ4MTZjWUpIZm00dGRNREFtTE9pMHhNT1piQzVOZUQzT3NGRU1JanBJckxfXzNSRQ&amp;q=https%3A%2F%2Fwww.facebook.com%2Ftulepood.ilu..&amp;v=X_KDuPQa-o0\" target=\"_blank\" rel=\"nofollow noopener\">https:\/\/www.facebook.com\/tulepood.ilu..<\/a><span class=\"style-scope yt-formatted-string\" dir=\"auto\">.<\/span><\/p>\n<p><span class=\"style-scope yt-formatted-string\" dir=\"auto\"> \u2022 <\/span><a class=\"yt-simple-endpoint style-scope yt-formatted-string\" dir=\"auto\" spellcheck=\"false\" href=\"https:\/\/www.youtube.com\/redirect?event=video_description&amp;redir_token=QUFFLUhqbWFYSWYxNDNaNmpQNy1wRlByenA2QldPcmRtZ3xBQ3Jtc0tteUFJSHhWVnBZblBHbXpCbWxNUEJIUDBFT0IxSm5ob3ZZaDNQRkhNX0NUOWo2Z3AzMmF3eDBqZURwT1E3VlF6T1FXUjFqUFRZX2NXeXZxanhLN3FqYl82dHdkR1JhQXUtUlFPeVBGWGxBQm9Za0huaw&amp;q=https%3A%2F%2Fwww.instagram.com%2Ftulepood.il..&amp;v=X_KDuPQa-o0\" target=\"_blank\" rel=\"nofollow noopener\">https:\/\/www.instagram.com\/tulepood.il..<\/a><span class=\"style-scope yt-formatted-string\" dir=\"auto\">. <\/span><\/p>\n<p><span class=\"style-scope yt-formatted-string\" dir=\"auto\">\u2022 <\/span><a class=\"yt-simple-endpoint style-scope yt-formatted-string\" dir=\"auto\" spellcheck=\"false\" href=\"https:\/\/www.youtube.com\/redirect?event=video_description&amp;redir_token=QUFFLUhqbWpDX3M1SnRXNWFhT3RsMnM0TU1EaG41TjEwQXxBQ3Jtc0ttV0o2YlhUeEdlMXpQMDBqNzAycVRxMzk2bVEzdW1lSnRNeDJJRFI1MGdmU3dDaDFFVzFHYzRMb3lKQWo1cFNhUVpYQ2NDeFczVTZiWG5yaEo2Z2F4WURpS0pGSzRoWktVcUl4RlV2aWQyNmx3YkUtNA&amp;q=https%3A%2F%2Fvk.com%2Ftulepood.ilutulestikud&amp;v=X_KDuPQa-o0\" target=\"_blank\" rel=\"nofollow noopener\">https:\/\/vk.com\/tulepood.ilutulestikud<\/a><\/p>\n<p><span class=\"style-scope yt-formatted-string\" dir=\"auto\">\u2022 <\/span><a class=\"yt-simple-endpoint style-scope yt-formatted-string\" dir=\"auto\" spellcheck=\"false\" href=\"https:\/\/www.youtube.com\/redirect?event=video_description&amp;redir_token=QUFFLUhqbldiNDlZa1c3U1E5dGwwdWJlYnRRWlNyRmVGUXxBQ3Jtc0trYjR2RzhEOFNuUlBxemhZRmoxMU90c2FDMVVLVTZ5X2JmOHVJXzFtMGt3dy1XWnRKdG5LdmdabS1qdkJHXzl3c1pmcnk3LVVJejB3S0h6NC1nNV9fUlZjck4zcEZ5Tm5uSjd0Z3dCNWpOMmRHVVZqcw&amp;q=https%3A%2F%2Fwww.tiktok.com%2F%40tulepood.ee&amp;v=X_KDuPQa-o0\" target=\"_blank\" rel=\"nofollow noopener\">https:\/\/www.tiktok.com\/@tulepood.ee<\/a><\/p>\n<p><iframe title=\"7001 BOMBARD\" width=\"1230\" height=\"692\" src=\"https:\/\/www.youtube.com\/embed\/hv1lww8pQZY?feature=oembed&#038;enablejsapi=1&#038;origin=https:\/\/tulepood.ee\" frameborder=\"0\" allow=\"accelerometer; autoplay; clipboard-write; encrypted-media; gyroscope; picture-in-picture; web-share\" referrerpolicy=\"strict-origin-when-cross-origin\" allowfullscreen><\/iframe><\/p>\n<p>&nbsp;<\/p>\n","protected":false},"excerpt":{"rendered":"<p>\u00dchelasuline ilutulestiku toru 48mm. Valikus kolm erinevat efekti Kuldne m\u00fcristus &#8211; suur kullapomm Pragina pommitaja &#8211; v\u00f5imas pragin Vilkuv v\u00e4lk &#8211; ilus vilkuv t\u00e4hepomm Kaliiber 48mm \u201eNB! Tegemist on t\u00fcki hinnaga. Ladu komplekteerib tooted juhusliku valiku alusel. Kui teil on erisoov m\u00f5ne konkreetse efekti osas, palun m\u00e4rkige see tellimuse kommentaaris.\u201c Ainult v\u00e4ljas kasutamiseks. Minimaalne vanus: [&hellip;]<\/p>\n","protected":false},"featured_media":18134,"template":"","meta":[],"product_brand":[284],"product_cat":[250,256,251],"product_tag":[84],"class_list":{"0":"post-18233","1":"product","2":"type-product","3":"status-publish","4":"has-post-thumbnail","6":"product_brand-arnika-ilutulestikud","7":"product_cat-ilutulestiku-patareid","8":"product_cat-peretooted-ja-komplektid","9":"product_cat-vaiksed-ilutulestikud","10":"product_tag-arnika","11":"pa_klass-f3","14":"instock","15":"shipping-taxable","16":"purchasable","17":"product-type-simple","18":"product-grid-view"},"_links":{"self":[{"href":"https:\/\/tulepood.ee\/en\/wp-json\/wp\/v2\/product\/18233","targetHints":{"allow":["GET"]}}],"collection":[{"href":"https:\/\/tulepood.ee\/en\/wp-json\/wp\/v2\/product"}],"about":[{"href":"https:\/\/tulepood.ee\/en\/wp-json\/wp\/v2\/types\/product"}],"wp:featuredmedia":[{"embeddable":true,"href":"https:\/\/tulepood.ee\/en\/wp-json\/wp\/v2\/media\/18134"}],"wp:attachment":[{"href":"https:\/\/tulepood.ee\/en\/wp-json\/wp\/v2\/media?parent=18233"}],"wp:term":[{"taxonomy":"product_brand","embeddable":true,"href":"https:\/\/tulepood.ee\/en\/wp-json\/wp\/v2\/product_brand?post=18233"},{"taxonomy":"product_cat","embeddable":true,"href":"https:\/\/tulepood.ee\/en\/wp-json\/wp\/v2\/product_cat?post=18233"},{"taxonomy":"product_tag","embeddable":true,"href":"https:\/\/tulepood.ee\/en\/wp-json\/wp\/v2\/product_tag?post=18233"}],"curies":[{"name":"wp","href":"https:\/\/api.w.org\/{rel}","templated":true}]}}