{"id":18239,"date":"2025-12-18T18:24:51","date_gmt":"2025-12-18T16:24:51","guid":{"rendered":"https:\/\/tulepood.ee\/?post_type=product&#038;p=18239"},"modified":"2025-12-21T20:04:43","modified_gmt":"2025-12-21T18:04:43","slug":"raketikomplekt-brocade-war-rocket2-tk","status":"publish","type":"product","link":"https:\/\/tulepood.ee\/en\/shop\/ilutulestiku-patareid\/keskmised-ilutulestikud\/raketikomplekt-brocade-war-rocket2-tk\/","title":{"rendered":"RAKETIKOMPLEKT &#8220;Brocade war rocket&#8221; 2 tk"},"content":{"rendered":"<p><strong>2 rakettid<\/strong><\/p>\n<p><strong>\u00a0<\/strong><\/p>\n<p><strong>Minimaalne vanus: 18<\/strong><\/p>\n<p><iframe title=\"R170B Brocade war rocket | Klasek pyrotechnics\" width=\"1230\" height=\"692\" src=\"https:\/\/www.youtube.com\/embed\/6nuUWBPqR7Q?feature=oembed&#038;enablejsapi=1&#038;origin=https:\/\/tulepood.ee\" frameborder=\"0\" allow=\"accelerometer; autoplay; clipboard-write; encrypted-media; gyroscope; picture-in-picture; web-share\" referrerpolicy=\"strict-origin-when-cross-origin\" allowfullscreen><\/iframe><\/p>\n<p><strong>NB! P\u00fcrotehniliste toodete m\u00fc\u00fcgilitsentsi nr.: LPK000152.<\/strong><\/p>\n<p><strong>\u00a0<\/strong><\/p>\n<ul>\n<li><strong> Infotelefon: + 372 58 470147<\/strong><\/li>\n<li><strong> e-post: pood@tulepood.ee<\/strong><\/li>\n<li><strong> E-R 10-18, L 12-16 \u2013 Punane 40, Tallinn 13619 Estonia<\/strong><\/li>\n<\/ul>\n<p><strong>\u00a0<\/strong><\/p>\n<ul>\n<li><strong> https:\/\/www.facebook.com\/tulepood.ilu\u2026<\/strong><\/li>\n<li><strong> https:\/\/www.instagram.com\/tulepood.il\u2026<\/strong><\/li>\n<li><strong> https:\/\/vk.com\/tulepood.ilutulestikud<\/strong><\/li>\n<li><strong> https:\/\/www.tiktok.com\/@tulepood.ee<\/strong><\/li>\n<\/ul>\n","protected":false},"excerpt":{"rendered":"<p>2 rakettid \u00a0 Minimaalne vanus: 18 NB! P\u00fcrotehniliste toodete m\u00fc\u00fcgilitsentsi nr.: LPK000152. \u00a0 Infotelefon: + 372 58 470147 e-post: pood@tulepood.ee E-R 10-18, L 12-16 \u2013 Punane 40, Tallinn 13619 Estonia \u00a0 https:\/\/www.facebook.com\/tulepood.ilu\u2026 https:\/\/www.instagram.com\/tulepood.il\u2026 https:\/\/vk.com\/tulepood.ilutulestikud https:\/\/www.tiktok.com\/@tulepood.ee<\/p>\n","protected":false},"featured_media":18216,"template":"","meta":[],"product_brand":[],"product_cat":[252,258,264,256,268],"product_tag":[127],"class_list":{"0":"post-18239","1":"product","2":"type-product","3":"status-publish","4":"has-post-thumbnail","6":"product_cat-keskmised-ilutulestikud","7":"product_cat-lendavad-ilutulestikud","8":"product_cat-muu-purotehnika","9":"product_cat-peretooted-ja-komplektid","10":"product_cat-raketid","11":"product_tag-megafireworks","12":"pa_klass-f3","15":"outofstock","16":"sold-individually","17":"shipping-taxable","18":"purchasable","19":"product-type-simple","20":"product-grid-view"},"_links":{"self":[{"href":"https:\/\/tulepood.ee\/en\/wp-json\/wp\/v2\/product\/18239","targetHints":{"allow":["GET"]}}],"collection":[{"href":"https:\/\/tulepood.ee\/en\/wp-json\/wp\/v2\/product"}],"about":[{"href":"https:\/\/tulepood.ee\/en\/wp-json\/wp\/v2\/types\/product"}],"wp:featuredmedia":[{"embeddable":true,"href":"https:\/\/tulepood.ee\/en\/wp-json\/wp\/v2\/media\/18216"}],"wp:attachment":[{"href":"https:\/\/tulepood.ee\/en\/wp-json\/wp\/v2\/media?parent=18239"}],"wp:term":[{"taxonomy":"product_brand","embeddable":true,"href":"https:\/\/tulepood.ee\/en\/wp-json\/wp\/v2\/product_brand?post=18239"},{"taxonomy":"product_cat","embeddable":true,"href":"https:\/\/tulepood.ee\/en\/wp-json\/wp\/v2\/product_cat?post=18239"},{"taxonomy":"product_tag","embeddable":true,"href":"https:\/\/tulepood.ee\/en\/wp-json\/wp\/v2\/product_tag?post=18239"}],"curies":[{"name":"wp","href":"https:\/\/api.w.org\/{rel}","templated":true}]}}