{"id":14692,"date":"2023-12-16T11:41:40","date_gmt":"2023-12-16T09:41:40","guid":{"rendered":"https:\/\/tulepood.abc\/?page_id=14692"},"modified":"2023-12-16T11:41:43","modified_gmt":"2023-12-16T09:41:43","slug":"esileht","status":"publish","type":"page","link":"https:\/\/tulepood.ee\/ru\/esileht\/","title":{"rendered":"Esileht"},"content":{"rendered":"<p>[vc_row el_class=&#187;baner-slide-01&#8243;][vc_column el_class=&#187;full-content&#187;][vc_single_image image=&#187;12521&#8243; img_size=&#187;1100&#215;220&#8243; alignment=&#187;center&#187; css=&#187;.vc_custom_1606984446979{background-color: #fcec0c !important;}&#187;]<div class=\"woocommerce columns-4 \">\r\n<ul class=\"products  columns-4  teapoy-related-product-carousel\">\r\n\r\n\t\r\n\t<li class=\"product isotope-grid-sizer\">\r\n\t\t<div class=\"wdt-col wdt-col-xs-12 wdt-col-sm-6 wdt-col-md-6 wdt-col-qxlg-4 wdt-col-hxlg-3 wdt-col-lg-3\"><\/div>\r\n\t<\/li>\r\n\t<li class=\"product-grid-view product type-product post-12644 status-publish first instock product_cat-vaiksed-ilutulestikud product_tag-megafireworks has-post-thumbnail sale shipping-taxable purchasable product-type-simple\">\n\t<div class=\"wdt-col wdt-col-xs-12 wdt-col-sm-6 wdt-col-md-6 wdt-col-qxlg-4 wdt-col-hxlg-3 wdt-col-lg-3\"><div class=\"product-wrapper\" ><div class=\"product-thumb\"><a class=\"image\" href=\"https:\/\/tulepood.ee\/ru\/magazin\/ilutulestiku-patareid\/vaiksed-ilutulestikud\/ilutulestik-max-19\/\" title=\"Ilutulestik &quot;Max 19&quot;\"><div class=\"product-thumb-overlay\" ><\/div><div class=\"primary-image\"><img decoding=\"async\" src=\"https:\/\/tulepood.ee\/wp-content\/uploads\/2023\/12\/max19-1-1000x1000.jpg\" alt=\"Shop Primary Image\" title=\"Shop Primary Image\" \/><\/div><\/a><\/div><span class=\"gtm4wp_productdata\" style=\"display:none; visibility:hidden;\" data-gtm4wp_product_data=\"{&quot;internal_id&quot;:12644,&quot;item_id&quot;:&quot;BS19004&quot;,&quot;item_name&quot;:&quot;Ilutulestik \\&quot;Max 19\\&quot;&quot;,&quot;sku&quot;:&quot;BS19004&quot;,&quot;price&quot;:10,&quot;stocklevel&quot;:null,&quot;stockstatus&quot;:&quot;instock&quot;,&quot;google_business_vertical&quot;:&quot;retail&quot;,&quot;item_category&quot;:&quot;V\\u00e4iksed ilutulestikud&quot;,&quot;id&quot;:&quot;BS19004&quot;,&quot;item_brand&quot;:&quot;&quot;,&quot;productlink&quot;:&quot;https:\\\/\\\/tulepood.ee\\\/ru\\\/magazin\\\/ilutulestiku-patareid\\\/vaiksed-ilutulestikud\\\/ilutulestik-max-19\\\/&quot;,&quot;item_list_name&quot;:&quot;General Product List&quot;,&quot;index&quot;:1,&quot;product_type&quot;:&quot;simple&quot;}\"><\/span><\/div><\/div><\/li>\n<li class=\"product-grid-view product type-product post-12847 status-publish instock product_cat-ilutulestiku-patareid product_cat-keskmised-ilutulestikud product_cat-vaiksed-ilutulestikud product_tag-megafireworks has-post-thumbnail sale shipping-taxable purchasable product-type-simple\">\n\t<div class=\"wdt-col wdt-col-xs-12 wdt-col-sm-6 wdt-col-md-6 wdt-col-qxlg-4 wdt-col-hxlg-3 wdt-col-lg-3\"><div class=\"product-wrapper\" ><div class=\"product-thumb\"><a class=\"image\" href=\"https:\/\/tulepood.ee\/ru\/magazin\/ilutulestiku-patareid\/keskmised-ilutulestikud\/ilutulestik-boom-land\/\" title=\"Ilutulestik &quot;BOOM LAND&quot;\"><div class=\"product-thumb-overlay\" ><\/div><div class=\"primary-image\"><img decoding=\"async\" src=\"https:\/\/tulepood.ee\/wp-content\/uploads\/2021\/01\/BOOM-LAND-1000x1000.jpg\" alt=\"Shop Primary Image\" title=\"Shop Primary Image\" \/><\/div><\/a><\/div><span class=\"gtm4wp_productdata\" style=\"display:none; visibility:hidden;\" data-gtm4wp_product_data=\"{&quot;internal_id&quot;:12847,&quot;item_id&quot;:&quot;BC49S-F2S25E&quot;,&quot;item_name&quot;:&quot;Ilutulestik \\&quot;BOOM LAND\\&quot;&quot;,&quot;sku&quot;:&quot;BC49S-F2S25E&quot;,&quot;price&quot;:40,&quot;stocklevel&quot;:null,&quot;stockstatus&quot;:&quot;instock&quot;,&quot;google_business_vertical&quot;:&quot;retail&quot;,&quot;item_category&quot;:&quot;V\\u00e4iksed ilutulestikud&quot;,&quot;id&quot;:&quot;BC49S-F2S25E&quot;,&quot;item_brand&quot;:&quot;&quot;,&quot;productlink&quot;:&quot;https:\\\/\\\/tulepood.ee\\\/ru\\\/magazin\\\/ilutulestiku-patareid\\\/keskmised-ilutulestikud\\\/ilutulestik-boom-land\\\/&quot;,&quot;item_list_name&quot;:&quot;General Product List&quot;,&quot;index&quot;:2,&quot;product_type&quot;:&quot;simple&quot;}\"><\/span><\/div><\/div><\/li>\n<li class=\"product-grid-view product type-product post-12906 status-publish instock product_cat-keskmised-ilutulestikud product_cat-vaiksed-ilutulestikud product_tag-megafireworks has-post-thumbnail sale shipping-taxable purchasable product-type-simple\">\n\t<div class=\"wdt-col wdt-col-xs-12 wdt-col-sm-6 wdt-col-md-6 wdt-col-qxlg-4 wdt-col-hxlg-3 wdt-col-lg-3\"><div class=\"product-wrapper\" ><div class=\"product-thumb\"><a class=\"image\" href=\"https:\/\/tulepood.ee\/ru\/magazin\/ilutulestiku-patareid\/keskmised-ilutulestikud\/ilutulestik-pioneer\/\" title=\"Ilutulestik PIONEER\"><div class=\"product-thumb-overlay\" ><\/div><div class=\"primary-image\"><img decoding=\"async\" src=\"https:\/\/tulepood.ee\/wp-content\/uploads\/2023\/12\/pioneer-ru-1000x1000.jpg\" alt=\"Shop Primary Image\" title=\"Shop Primary Image\" \/><\/div><\/a><\/div><span class=\"gtm4wp_productdata\" style=\"display:none; visibility:hidden;\" data-gtm4wp_product_data=\"{&quot;internal_id&quot;:12906,&quot;item_id&quot;:&quot;BC36SF2S25E&quot;,&quot;item_name&quot;:&quot;Ilutulestik PIONEER&quot;,&quot;sku&quot;:&quot;BC36SF2S25E&quot;,&quot;price&quot;:35,&quot;stocklevel&quot;:null,&quot;stockstatus&quot;:&quot;instock&quot;,&quot;google_business_vertical&quot;:&quot;retail&quot;,&quot;item_category&quot;:&quot;Keskmised ilutulestikud&quot;,&quot;id&quot;:&quot;BC36SF2S25E&quot;,&quot;item_brand&quot;:&quot;&quot;,&quot;productlink&quot;:&quot;https:\\\/\\\/tulepood.ee\\\/ru\\\/magazin\\\/ilutulestiku-patareid\\\/keskmised-ilutulestikud\\\/ilutulestik-pioneer\\\/&quot;,&quot;item_list_name&quot;:&quot;General Product List&quot;,&quot;index&quot;:3,&quot;product_type&quot;:&quot;simple&quot;}\"><\/span><\/div><\/div><\/li>\n<\/ul>\n<\/div>[\/vc_column][\/vc_row][vc_row][vc_column][vc_column_text]<\/p>\n<div class=\"our-company static-layout1\">\n<div class=\"row\">\n<div class=\"our-text\">\n<div class=\"our-company static-layout1\">\n<div class=\"row\">\n<div class=\"our-text\">\n<h2 class=\"heading-h2\">Tere tulemast TulePood.ee ilutulestiku kaubamajja!<\/h2>\n<h3 class=\"heading-h2\"><em>\u0414\u043e\u0431\u0440\u043e \u043f\u043e\u0436\u0430\u043b\u043e\u0432\u0430\u0442\u044c \u0432 \u043c\u0430\u0433\u0430\u0437\u0438\u043d \u0444\u0435\u0439\u0435\u0440\u0432\u0435\u0440\u043a\u043e\u0432!<\/em><\/h3>\n<div>\n<p>&nbsp;<\/p>\n<p>Meie t\u00f6\u00f6tame \u00fcle kogu Eesti ja tegevusvaldkonnad on mitmek\u00fclgsed: pulmad, firmapeod, s\u00fcnnip\u00e4evad, suured ja v\u00e4iksemad p\u00fchad, kontserdid, tulefestival ja linna\u00fcritused.<strong> PyroShow O\u00dc<\/strong> on professionaalsete ja kogenud p\u00fcrotehnikute meeskond Eestist ning <strong>TulePood.ee ilutulestikud<\/strong> on parim ilutulestikupood Eestis, mis on avatud aastaringselt! Omalt poolt pakume koost\u00f6\u00f6d meelelahutusprogrammide loomisel ja l\u00e4biviimisel Teie \u00fcritustele, mis ei seostu ainult ilutulestiku ning mitmev\u00e4rviliste t\u00e4htede m\u00e4nguga taevas.<\/p>\n<p><em>\u041c\u044b \u0440\u0430\u0431\u043e\u0442\u0430\u0435\u043c \u043f\u043e \u0432\u0441\u0435\u0439 \u042d\u0441\u0442\u043e\u043d\u0438\u0438, \u0438 \u0441\u0444\u0435\u0440\u044b \u0434\u0435\u044f\u0442\u0435\u043b\u044c\u043d\u043e\u0441\u0442\u0438 \u0440\u0430\u0437\u043d\u043e\u043e\u0431\u0440\u0430\u0437\u043d\u044b: \u0441\u0432\u0430\u0434\u044c\u0431\u0430, \u043a\u043e\u0440\u043f\u043e\u0440\u0430\u0442\u0438\u0432, \u0434\u0435\u043d\u044c \u0440\u043e\u0436\u0434\u0435\u043d\u0438\u044f, \u0431\u043e\u043b\u044c\u0448\u043e\u0439 \u0438 \u043c\u0430\u043b\u0435\u043d\u044c\u043a\u0438\u0439 \u043f\u0440\u0430\u0437\u0434\u043d\u0438\u043a, \u043a\u043e\u043d\u0446\u0435\u0440\u0442, \u0444\u0435\u0441\u0442\u0438\u0432\u0430\u043b\u044c,\u00a0 \u043e\u0433\u043e\u043d\u044c, \u043e\u0433\u043d\u0435\u043d\u043d\u043e\u043a \u0448\u043e\u0443 \u0438\u043b\u0438 \u0433\u043e\u0440\u043e\u0434\u0441\u043a\u043e\u0435 \u043c\u0435\u0440\u043e\u043f\u0440\u0438\u044f\u0442\u0438\u0435. <strong>PyroShow O\u00dc<\/strong> \u2014 \u044d\u0442\u043e \u043a\u043e\u043c\u0430\u043d\u0434\u0430 \u043f\u0440\u043e\u0444\u0435\u0441\u0441\u0438\u043e\u043d\u0430\u043b\u044c\u043d\u044b\u0445 \u0438 \u043e\u043f\u044b\u0442\u043d\u044b\u0445 \u043f\u0438\u0440\u043e\u0442\u0435\u0445\u043d\u0438\u043a\u043e\u0432 \u0438\u0437 \u042d\u0441\u0442\u043e\u043d\u0438\u0438, \u0430 TulePood.ee \u2014 <strong>\u043c\u0430\u0433\u0430\u0437\u0438\u043d \u043b\u0443\u0447\u0448\u0438\u0445 \u0444\u0435\u0439\u0435\u0440\u0432\u0435\u0440\u043a\u043e\u0432<\/strong> \u0432 \u042d\u0441\u0442\u043e\u043d\u0438\u0438, \u043a\u043e\u0442\u043e\u0440\u044b\u0439 \u0440\u0430\u0431\u043e\u0442\u0430\u0435\u0442 \u043a\u0440\u0443\u0433\u043b\u044b\u0439 \u0433\u043e\u0434! \u0421\u043e \u0441\u0432\u043e\u0435\u0439 \u0441\u0442\u043e\u0440\u043e\u043d\u044b \u043c\u044b \u043f\u0440\u0435\u0434\u043b\u0430\u0433\u0430\u0435\u043c \u0441\u043e\u0442\u0440\u0443\u0434\u043d\u0438\u0447\u0435\u0441\u0442\u0432\u043e \u0432 \u0441\u043e\u0437\u0434\u0430\u043d\u0438\u0438 \u0438 \u043f\u0440\u043e\u0432\u0435\u0434\u0435\u043d\u0438\u0438 \u0440\u0430\u0437\u0432\u043b\u0435\u043a\u0430\u0442\u0435\u043b\u044c\u043d\u044b\u0445 \u043f\u0440\u043e\u0433\u0440\u0430\u043c\u043c \u0434\u043b\u044f \u0432\u0430\u0448\u0438\u0445 \u043c\u0435\u0440\u043e\u043f\u0440\u0438\u044f\u0442\u0438\u0439, \u043a\u043e\u0442\u043e\u0440\u044b\u0435 \u0441\u0432\u044f\u0437\u0430\u043d\u044b \u043d\u0435 \u0442\u043e\u043b\u044c\u043a\u043e \u0441 \u0444\u0435\u0439\u0435\u0440\u0432\u0435\u0440\u043a\u0430\u043c\u0438 \u0438 \u0438\u0433\u0440\u043e\u0439 \u0440\u0430\u0437\u043d\u043e\u0446\u0432\u0435\u0442\u043d\u044b\u0445 \u0437\u0432\u0435\u0437\u0434 \u043d\u0430 \u043d\u0435\u0431\u0435.<\/em><\/p>\n<p>&nbsp;<\/p>\n<h4>Aitame Teil ellu viia ja korraldada selliseid etendusi ja \u00fcritusi nagu &#8212; <em>\u041c\u044b \u043f\u043e\u043c\u043e\u0433\u0430\u0435\u043c \u0440\u0435\u0430\u043b\u0438\u0437\u043e\u0432\u0430\u0442\u044c \u0438 \u043e\u0440\u0433\u0430\u043d\u0438\u0437\u043e\u0432\u0430\u0442\u044c \u0442\u0430\u043a\u0438\u0435 \u0448\u043e\u0443 \u0438 \u043c\u0435\u0440\u043e\u043f\u0440\u0438\u044f\u0442\u0438\u044f, \u043a\u0430\u043a:<\/em><\/h4>\n<ul>\n<li>Tavaline ilutulestik ja ilutulestiku show &#8212; <em>\u041f\u0440\u0438\u0432\u044b\u0447\u043d\u044b\u0439 \u0444\u0435\u0439\u0435\u0440\u0432\u0435\u0440\u043a\u0438 \u0438 \u0448\u043e\u0443 \u0444\u0435\u0439\u0435\u0440\u0432\u0435\u0440\u043a\u043e\u0432;<\/em><\/li>\n<li>Muusikaline ilutulestik &#8212; <em>\u041c\u0443\u0437\u044b\u043a\u0430\u043b\u044c\u043d\u044b\u0439 \u0444\u0435\u0439\u0435\u0440\u0432\u0435\u0440\u043a;<\/em><\/li>\n<li>Tuletantsijad, eriefektid ja tuleshow &#8212; <em>\u0422\u0430\u043d\u0446\u044b \u0441 \u043e\u0433\u043d\u0451\u043c, \u0441\u043f\u0435\u0446\u044d\u0444\u0444\u0435\u043a\u0442\u044b \u0438 \u043e\u0433\u043d\u0435\u043d\u043d\u043e\u0435 \u0448\u043e\u0443;<\/em><\/li>\n<li>Tuleskulptuurid ja l\u00f5kkealused &#8212; <em>\u041e\u0433\u043d\u0435\u043d\u043d\u044b\u0435 \u0441\u043a\u0443\u043b\u044c\u043f\u0442\u0443\u0440\u044b \u0438 \u043a\u043e\u0441\u0442\u0440\u0438\u0449\u0430;<\/em><\/li>\n<li>Valgusshow ja dekoratsioonid &#8212; <em>\u0421\u0432\u0435\u0442\u043e\u0432\u043e\u0435 \u0448\u043e\u0443 \u0438 \u0434\u0435\u043a\u043e\u0440\u0430\u0446\u0438\u0438;<\/em><\/li>\n<li>Heli- ja valgustehnika rent\/paigaldus &#8212; <em>\u0410\u0440\u0435\u043d\u0434\u0430\/\u0443\u0441\u0442\u0430\u043d\u043e\u0432\u043a\u0430 \u0437\u0432\u0443\u043a\u043e\u0432\u043e\u0433\u043e \u0438 \u0441\u0432\u0435\u0442\u043e\u0432\u043e\u0433\u043e \u043e\u0431\u043e\u0440\u0443\u0434\u043e\u0432\u0430\u043d\u0438\u044f;<\/em><\/li>\n<li>Era\u00fcrituste korraldamine &#8212; <em>\u041e\u0440\u0433\u0430\u043d\u0438\u0437\u0430\u0446\u0438\u044f \u0447\u0430\u0441\u0442\u043d\u044b\u0445 \u043c\u0435\u0440\u043e\u043f\u0440\u0438\u044f\u0442\u0438\u0439;<\/em><\/li>\n<\/ul>\n<h4><\/h4>\n<h4>Miks me peame end Teile kasulikuks ja mugavaks partneriks? &#8212; <em>\u041f\u043e\u0447\u0435\u043c\u0443 \u043c\u044b \u0441\u0447\u0438\u0442\u0430\u0435\u043c \u0441\u0435\u0431\u044f \u0434\u043b\u044f \u0412\u0430\u0441 \u043f\u043e\u043b\u0435\u0437\u043d\u044b\u043c \u0438 \u0443\u0434\u043e\u0431\u043d\u044b\u043c \u043f\u0430\u0440\u0442\u043d\u0435\u0440\u043e\u043c?<\/em><\/h4>\n<p>Meie t\u00f6\u00f6 \u00fctleb meist k\u00f5ige paremat ja oleme valmis koheselt astuma samme koost\u00f6\u00f6 alustamiseks ning kohtume meeleldi sobival ajal ja kohas! Lisaks saab p\u00fcrotehnikat osta aastaringselt meie esindus kauplusest aadressil E-R 10-18, L 12-16 &#8212; Punane 40, Tallinn 13619 Estonia! &#8212; <em>\u041d\u0430\u0448\u0430 \u0440\u0430\u0431\u043e\u0442\u0430 \u0433\u043e\u0432\u043e\u0440\u0438\u0442 \u043e \u043d\u0430\u0441 \u043b\u0443\u0447\u0448\u0435 \u0432\u0441\u0435\u0433\u043e \u0438 \u043c\u044b \u0433\u043e\u0442\u043e\u0432\u044b \u043d\u0435\u043c\u0435\u0434\u043b\u0435\u043d\u043d\u043e \u043f\u0440\u0435\u0434\u043f\u0440\u0438\u043d\u044f\u0442\u044c \u0448\u0430\u0433\u0438 \u0434\u043b\u044f \u043d\u0430\u0447\u0430\u043b\u0430 \u0441\u043e\u0442\u0440\u0443\u0434\u043d\u0438\u0447\u0435\u0441\u0442\u0432\u0430, \u0438 \u043c\u044b \u0441 \u0440\u0430\u0434\u043e\u0441\u0442\u044c\u044e \u0432\u0441\u0442\u0440\u0435\u0442\u0438\u043c\u0441\u044f \u0432 \u043f\u043e\u0434\u0445\u043e\u0434\u044f\u0449\u0435\u0435 \u0432\u0440\u0435\u043c\u044f \u0438 \u0432 \u0443\u0434\u043e\u0431\u043d\u043e\u043c \u043c\u0435\u0441\u0442\u0435! \u041a\u0440\u043e\u043c\u0435 \u0442\u043e\u0433\u043e, \u043f\u0438\u0440\u043e\u0442\u0435\u0445\u043d\u0438\u043a\u0443 \u043a\u0440\u0443\u0433\u043b\u044b\u0439 \u0433\u043e\u0434 \u043c\u043e\u0436\u043d\u043e \u043f\u0440\u0438\u043e\u0431\u0440\u0435\u0441\u0442\u0438 \u0432 \u043d\u0430\u0448\u0435\u043c \u043f\u0440\u0435\u0434\u0441\u0442\u0430\u0432\u0438\u0442\u0435\u043b\u044c\u0441\u0442\u0432\u0435 \u043f\u043e \u0430\u0434\u0440\u0435\u0441\u0443 \u041f\u043d-\u041f\u0442 10-18, \u0421\u0431 12-16 &#8212; \u041f\u0443\u043d\u0430\u043d\u0435 40, \u0422\u0430\u043b\u043b\u0438\u043d\u043d 13619 \u042d\u0441\u0442\u043e\u043d\u0438\u044f!<\/em><\/p>\n<p>Oleme juba palju \u00e4ra teinud ja kui meil on taas v\u00f5imalus Eesti inimestele midagi vapustavat pakkuda, siis loomulikult teeme seda! Samuti m\u00f5tleme projekti koostades alati loodusele ja j\u00e4rgime OHUTUSE reegleid! &#8212; <em>\u041c\u044b \u0443\u0436\u0435 \u043c\u043d\u043e\u0433\u043e\u0435 \u0441\u0434\u0435\u043b\u0430\u043b\u0438, \u0438 \u0435\u0441\u043b\u0438 \u0443 \u043d\u0430\u0441 \u0441\u043d\u043e\u0432\u0430 \u0431\u0443\u0434\u0435\u0442 \u0432\u043e\u0437\u043c\u043e\u0436\u043d\u043e\u0441\u0442\u044c \u043f\u0440\u0435\u0434\u043b\u043e\u0436\u0438\u0442\u044c \u0447\u0442\u043e-\u0442\u043e \u0443\u0434\u0438\u0432\u0438\u0442\u0435\u043b\u044c\u043d\u043e\u0435 \u0436\u0438\u0442\u0435\u043b\u044f\u043c \u042d\u0441\u0442\u043e\u043d\u0438\u0438, \u043a\u043e\u043d\u0435\u0447\u043d\u043e, \u043c\u044b \u044d\u0442\u043e \u0441\u0434\u0435\u043b\u0430\u0435\u043c! \u0422\u0430\u043a\u0436\u0435 \u043c\u044b \u0432\u0441\u0435\u0433\u0434\u0430 \u0434\u0443\u043c\u0430\u0435\u043c \u043e \u043f\u0440\u0438\u0440\u043e\u0434\u0435 \u043f\u0440\u0438 \u0441\u043e\u0437\u0434\u0430\u043d\u0438\u0438 \u043f\u0440\u043e\u0435\u043a\u0442\u0430 \u0438 \u0441\u043e\u0431\u043b\u044e\u0434\u0430\u0435\u043c \u043f\u0440\u0430\u0432\u0438\u043b\u0430 \u0411\u0415\u0417\u041e\u041f\u0410\u0421\u041d\u041e\u0421\u0422\u0418!<\/em><\/p>\n<p>Loodame olla Teile kasulikud, sest meil on, mida n\u00e4idata! NB! P\u00fcrotehniliste toodete m\u00fc\u00fcgilitsentsi nr.: LPK000126\/LPK000152. Lugege vajadustele vastavat konsulteerimist spetsialistiga. Pidage silmas, et p\u00fcrotehnilise toote avalikus kohas on vaja avaliku korra reeglid. &#8212; <em>\u041d\u0430\u0434\u0435\u0435\u043c\u0441\u044f \u0431\u044b\u0442\u044c \u0412\u0430\u043c \u043f\u043e\u043b\u0435\u0437\u043d\u044b\u043c\u0438, \u0432\u0435\u0434\u044c \u043d\u0430\u043c \u0435\u0441\u0442\u044c, \u0447\u0442\u043e \u043f\u043e\u043a\u0430\u0437\u0430\u0442\u044c! NB! \u041b\u0438\u0446\u0435\u043d\u0437\u0438\u044f \u043d\u0430 \u043f\u0440\u043e\u0434\u0430\u0436\u0443 \u043f\u0438\u0440\u043e\u0442\u0435\u0445\u043d\u0438\u0447\u0435\u0441\u043a\u0438\u0445 \u0438\u0437\u0434\u0435\u043b\u0438\u0439 \u2116: LPK000126\/LPK000152. \u0427\u0438\u0442\u0430\u0439\u0442\u0435 \u043e \u043a\u043e\u043d\u0441\u0443\u043b\u044c\u0442\u0430\u0446\u0438\u0438 \u0441\u043f\u0435\u0446\u0438\u0430\u043b\u0438\u0441\u0442\u0430 \u0432 \u0441\u043e\u043e\u0442\u0432\u0435\u0442\u0441\u0442\u0432\u0438\u0438 \u0441 \u0432\u0430\u0448\u0438\u043c\u0438 \u043f\u043e\u0442\u0440\u0435\u0431\u043d\u043e\u0441\u0442\u044f\u043c\u0438. \u0418\u043c\u0435\u0439\u0442\u0435 \u0432 \u0432\u0438\u0434\u0443, \u0447\u0442\u043e \u0434\u043b\u044f \u043f\u0438\u0440\u043e\u0442\u0435\u0445\u043d\u0438\u0447\u0435\u0441\u043a\u0438\u0445 \u0438\u0437\u0434\u0435\u043b\u0438\u0439 \u0432 \u043e\u0431\u0449\u0435\u0441\u0442\u0432\u0435\u043d\u043d\u044b\u0445 \u043c\u0435\u0441\u0442\u0430\u0445 \u0442\u0440\u0435\u0431\u0443\u044e\u0442\u0441\u044f \u043f\u0440\u0430\u0432\u0438\u043b\u0430 \u043e\u0431\u0449\u0435\u0441\u0442\u0432\u0435\u043d\u043d\u043e\u0433\u043e \u043f\u043e\u0440\u044f\u0434\u043a\u0430.<\/em><\/p>\n<p>&nbsp;<\/p>\n<p>Huvi korral palume Teid v\u00f5tta meiega julgelt \u00fchendust mis tahes mugavas suhtluskanalis. &#8212; <em>\u0415\u0441\u043b\u0438 \u0432\u044b \u0437\u0430\u0438\u043d\u0442\u0435\u0440\u0435\u0441\u043e\u0432\u0430\u043d\u044b, \u043f\u043e\u0436\u0430\u043b\u0443\u0439\u0441\u0442\u0430, \u043d\u0435 \u0441\u0442\u0435\u0441\u043d\u044f\u0439\u0442\u0435\u0441\u044c \u043e\u0431\u0440\u0430\u0449\u0430\u0442\u044c\u0441\u044f \u043a \u043d\u0430\u043c \u0432 \u043b\u044e\u0431\u043e\u043c \u0443\u0434\u043e\u0431\u043d\u043e\u043c \u043a\u0430\u043d\u0430\u043b\u0435 \u0441\u0432\u044f\u0437\u0438.<\/em><\/p>\n<ul>\n<li><a href=\"https:\/\/www.facebook.com\/tulepood.ilutulestikud\" rel=\"nofollow noopener\" target=\"_blank\">https:\/\/www.facebook.com\/tulepood.ilutulestikud<\/a><\/li>\n<li><a href=\"https:\/\/www.instagram.com\/tulepood.ilutulestikud\" rel=\"nofollow noopener\" target=\"_blank\">https:\/\/www.instagram.com\/tulepood.ilutulestikud<\/a><\/li>\n<li><a href=\"https:\/\/www.linkedin.com\/company\/tulepood-ilutulestikud\" rel=\"nofollow noopener\" target=\"_blank\">https:\/\/www.linkedin.com\/company\/tulepood-ilutulestikud<\/a><\/li>\n<li><a href=\"https:\/\/vk.com\/tulepood.ilutulestikud\" rel=\"nofollow noopener\" target=\"_blank\">https:\/\/vk.com\/tulepood.ilutulestikud<\/a><\/li>\n<li><a href=\"https:\/\/www.tiktok.com\/@tulepood.ee\">https:\/\/www.tiktok.com\/@tulepood.ee<\/a><\/li>\n<\/ul>\n<p>&nbsp;<\/p>\n<p><strong>NB! K\u00f5ik ilutulestikud teostatakse kutsetunnistust omavate p\u00fcrotehnikutega! &#8212; <em>\u0412\u0441\u0435 \u0444\u0435\u0439\u0435\u0440\u0432\u0435\u0440\u043a\u0438 \u0432\u044b\u043f\u043e\u043b\u043d\u044f\u044e\u0442\u0441\u044f \u0441\u0435\u0440\u0442\u0438\u0444\u0438\u0446\u0438\u0440\u043e\u0432\u0430\u043d\u043d\u044b\u043c\u0438 \u043f\u0438\u0440\u043e\u0442\u0435\u0445\u043d\u0438\u043a\u0430\u043c\u0438!<\/em><\/strong><\/div>\n<\/div>\n<\/div>\n<\/div>\n<\/div>\n<\/div>\n<\/div>\n<p>[\/vc_column_text][vc_row_inner][vc_column_inner][vc_separator][vc_column_text][custom-facebook-feed][\/vc_column_text][\/vc_column_inner][\/vc_row_inner][\/vc_column][\/vc_row][vc_row full_width=&#187;stretch_row&#187; css=&#187;.vc_custom_1481795036646{padding-top: 80px !important;padding-bottom: 35px !important;background-color: #363636 !important;}&#187; el_class=&#187;offer-company static-layout1&#8243;][vc_column][vc_column_text el_class=&#187;heading-text&#187;]<\/p>\n<h3 class=\"heading-sub\">Mis me pakkume ?<\/h3>\n<p>[\/vc_column_text][vc_row_inner][vc_column_inner width=&#187;1\/3&#8243;][vc_column_text]<\/p>\n<div class=\"fix\">\n<div class=\"style-icon-offer\"><img decoding=\"async\" class=\"lazy\" src=\"data:image\/gif;base64,R0lGODlhAQABAIAAAP\/\/\/wAAACH5BAEAAAAALAAAAAABAAEAAAICRAEAOw==\" alt=\"\" data-src=\"http:\/\/wordpress.vinagecko.net\/t\/ebuilder\/wp-content\/themes\/vg-ebuilder\/assets\/images\/icons\/icon1.png\" \/><\/div>\n<h4>Tava ilutulestik<\/h4>\n<\/div>\n<p>[\/vc_column_text][\/vc_column_inner][vc_column_inner width=&#187;1\/3&#8243;][vc_column_text]<\/p>\n<div class=\"fix\">\n<div class=\"style-icon-offer\"><img decoding=\"async\" class=\"lazy\" src=\"data:image\/gif;base64,R0lGODlhAQABAIAAAP\/\/\/wAAACH5BAEAAAAALAAAAAABAAEAAAICRAEAOw==\" alt=\"\" data-src=\"http:\/\/wordpress.vinagecko.net\/t\/ebuilder\/wp-content\/themes\/vg-ebuilder\/assets\/images\/icons\/icon2.png\" \/><\/div>\n<h4>Tuleshow<\/h4>\n<\/div>\n<p>[\/vc_column_text][\/vc_column_inner][vc_column_inner width=&#187;1\/3&#8243;][vc_column_text]<\/p>\n<div class=\"fix\">\n<div class=\"style-icon-offer\"><img decoding=\"async\" class=\"lazy\" src=\"data:image\/gif;base64,R0lGODlhAQABAIAAAP\/\/\/wAAACH5BAEAAAAALAAAAAABAAEAAAICRAEAOw==\" alt=\"\" data-src=\"http:\/\/wordpress.vinagecko.net\/t\/ebuilder\/wp-content\/themes\/vg-ebuilder\/assets\/images\/icons\/icon3.png\" \/><\/div>\n<h4>Muusika ilutulestik<\/h4>\n<\/div>\n<p>[\/vc_column_text][\/vc_column_inner][\/vc_row_inner][\/vc_column][vc_column][\/vc_column][\/vc_row][vc_row el_class=&#187;meet-our-team&#187; css=&#187;.vc_custom_1482715586524{padding-top: 20px !important;padding-bottom: 30px !important;}&#187;][vc_column][\/vc_column][\/vc_row][vc_row][vc_column][vc_column_text]Meie partnerid.[\/vc_column_text][\/vc_column][\/vc_row]<\/p>\n","protected":false},"excerpt":{"rendered":"<p>[vc_row el_class=&#187;baner-slide-01&#8243;][vc_column el_class=&#187;full-content&#187;][vc_single_image image=&#187;12521&#8243; img_size=&#187;1100&#215;220&#8243; alignment=&#187;center&#187; css=&#187;.vc_custom_1606984446979{background-color: #fcec0c !important;}&#187;][\/vc_column][\/vc_row][vc_row][vc_column][vc_column_text] Tere tulemast TulePood.ee ilutulestiku kaubamajja! \u0414\u043e\u0431\u0440\u043e \u043f\u043e\u0436\u0430\u043b\u043e\u0432\u0430\u0442\u044c \u0432 \u043c\u0430\u0433\u0430\u0437\u0438\u043d \u0444\u0435\u0439\u0435\u0440\u0432\u0435\u0440\u043a\u043e\u0432! &nbsp; Meie t\u00f6\u00f6tame \u00fcle kogu Eesti ja tegevusvaldkonnad on mitmek\u00fclgsed: pulmad, firmapeod, s\u00fcnnip\u00e4evad, suured ja v\u00e4iksemad p\u00fchad, kontserdid, tulefestival ja linna\u00fcritused. PyroShow O\u00dc on professionaalsete ja kogenud p\u00fcrotehnikute meeskond Eestist ning TulePood.ee ilutulestikud on parim ilutulestikupood [&hellip;]<\/p>\n","protected":false},"author":7,"featured_media":0,"parent":0,"menu_order":0,"comment_status":"closed","ping_status":"closed","template":"elementor_theme","meta":{"footnotes":""},"class_list":["post-14692","page","type-page","status-publish","hentry"],"_links":{"self":[{"href":"https:\/\/tulepood.ee\/ru\/wp-json\/wp\/v2\/pages\/14692","targetHints":{"allow":["GET"]}}],"collection":[{"href":"https:\/\/tulepood.ee\/ru\/wp-json\/wp\/v2\/pages"}],"about":[{"href":"https:\/\/tulepood.ee\/ru\/wp-json\/wp\/v2\/types\/page"}],"author":[{"embeddable":true,"href":"https:\/\/tulepood.ee\/ru\/wp-json\/wp\/v2\/users\/7"}],"replies":[{"embeddable":true,"href":"https:\/\/tulepood.ee\/ru\/wp-json\/wp\/v2\/comments?post=14692"}],"version-history":[{"count":1,"href":"https:\/\/tulepood.ee\/ru\/wp-json\/wp\/v2\/pages\/14692\/revisions"}],"predecessor-version":[{"id":14693,"href":"https:\/\/tulepood.ee\/ru\/wp-json\/wp\/v2\/pages\/14692\/revisions\/14693"}],"wp:attachment":[{"href":"https:\/\/tulepood.ee\/ru\/wp-json\/wp\/v2\/media?parent=14692"}],"curies":[{"name":"wp","href":"https:\/\/api.w.org\/{rel}","templated":true}]}}