{"id":12358,"date":"2020-11-02T18:05:28","date_gmt":"2020-11-02T16:05:28","guid":{"rendered":"https:\/\/tulepood.abc\/?post_type=product&#038;p=12358"},"modified":"2025-11-26T15:53:19","modified_gmt":"2025-11-26T13:53:19","slug":"turbo","status":"publish","type":"product","link":"https:\/\/tulepood.ee\/ru\/magazin\/ilutulestiku-patareid\/turbo\/","title":{"rendered":"TURBO"},"content":{"rendered":"<p>Suurtel olgu suurte m\u00e4ngud, aga oma osa tahab ka noorem p\u00f5lvkond. Turbo on ideaalne stardipakett algajale tulev\u00f5lurile, kes ei pea enam vesise suuga pealt vaatama, kuidas isa oma patareile tule otsa pistab, vaid saab n\u00fc\u00fcd ise ilutulestikumaailmas k\u00e4e valgeks teha. Komplektis on paukherned, v\u00e4lgud, laser, paberikahur ja kaks pakki s\u00e4rak\u00fc\u00fcnlaid.<\/p>\n<p><a href=\"https:\/\/tulepood.abc\/wp-content\/uploads\/2020\/11\/turbo.jpg\" rel=\"nofollow noopener\" target=\"_blank\"><img fetchpriority=\"high\" decoding=\"async\" class=\"alignnone size-medium wp-image-12359\" src=\"https:\/\/tulepood.abc\/wp-content\/uploads\/2020\/11\/turbo-300x300.jpg\" alt=\"\" width=\"300\" height=\"300\" \/><\/a><\/p>\n<p>&nbsp;<\/p>\n","protected":false},"excerpt":{"rendered":"<p>Suurtel olgu suurte m\u00e4ngud, aga oma osa tahab ka noorem p\u00f5lvkond. Turbo on ideaalne stardipakett algajale tulev\u00f5lurile, kes ei pea enam vesise suuga pealt vaatama, kuidas isa oma patareile tule otsa pistab, vaid saab n\u00fc\u00fcd ise ilutulestikumaailmas k\u00e4e valgeks teha. Komplektis on paukherned, v\u00e4lgud, laser, paberikahur ja kaks pakki s\u00e4rak\u00fc\u00fcnlaid. &nbsp;<\/p>\n","protected":false},"featured_media":12359,"template":"","meta":[],"product_brand":[284,285],"product_cat":[250],"product_tag":[84],"class_list":{"0":"post-12358","1":"product","2":"type-product","3":"status-publish","4":"has-post-thumbnail","6":"product_brand-arnika-ilutulestikud","7":"product_brand-megafireworks","8":"product_cat-ilutulestiku-patareid","9":"product_tag-arnika","10":"pa_klass-f1","13":"outofstock","14":"shipping-taxable","15":"purchasable","16":"product-type-simple","17":"product-grid-view"},"_links":{"self":[{"href":"https:\/\/tulepood.ee\/ru\/wp-json\/wp\/v2\/product\/12358","targetHints":{"allow":["GET"]}}],"collection":[{"href":"https:\/\/tulepood.ee\/ru\/wp-json\/wp\/v2\/product"}],"about":[{"href":"https:\/\/tulepood.ee\/ru\/wp-json\/wp\/v2\/types\/product"}],"wp:featuredmedia":[{"embeddable":true,"href":"https:\/\/tulepood.ee\/ru\/wp-json\/wp\/v2\/media\/12359"}],"wp:attachment":[{"href":"https:\/\/tulepood.ee\/ru\/wp-json\/wp\/v2\/media?parent=12358"}],"wp:term":[{"taxonomy":"product_brand","embeddable":true,"href":"https:\/\/tulepood.ee\/ru\/wp-json\/wp\/v2\/product_brand?post=12358"},{"taxonomy":"product_cat","embeddable":true,"href":"https:\/\/tulepood.ee\/ru\/wp-json\/wp\/v2\/product_cat?post=12358"},{"taxonomy":"product_tag","embeddable":true,"href":"https:\/\/tulepood.ee\/ru\/wp-json\/wp\/v2\/product_tag?post=12358"}],"curies":[{"name":"wp","href":"https:\/\/api.w.org\/{rel}","templated":true}]}}