{"id":12533,"date":"2020-12-04T13:41:26","date_gmt":"2020-12-04T11:41:26","guid":{"rendered":"https:\/\/tulepood.abc\/?post_type=product&#038;p=12533"},"modified":"2025-11-26T15:53:19","modified_gmt":"2025-11-26T13:53:19","slug":"komeet","status":"publish","type":"product","link":"https:\/\/tulepood.ee\/ru\/magazin\/ilutulestiku-patareid\/vaiksed-ilutulestikud\/komeet\/","title":{"rendered":"KOMEET"},"content":{"rendered":"<p>Rooma k\u00fc\u00fcnal tulistab imeilusaid v\u00e4rvilis komeete.<br \/>\n8 lasku<br \/>\nKestus ligi 30 sekundit<br \/>\nLennuk\u00f5rgus 30 meetrit,<br \/>\nMinimaalne vanus: 18<br \/>\nInfotelefon: +372 58 470147<br \/>\nwww.tulepood.ee<br \/>\nPunane 40. Tallinn.<\/p>\n<p><iframe title=\"536 KOMEET\" width=\"1230\" height=\"692\" src=\"https:\/\/www.youtube.com\/embed\/JPkCTMfgqTA?feature=oembed\" frameborder=\"0\" allow=\"accelerometer; autoplay; clipboard-write; encrypted-media; gyroscope; picture-in-picture; web-share\" referrerpolicy=\"strict-origin-when-cross-origin\" allowfullscreen><\/iframe><\/p>\n","protected":false},"excerpt":{"rendered":"<p>Rooma k\u00fc\u00fcnal tulistab imeilusaid v\u00e4rvilis komeete. 8 lasku Kestus ligi 30 sekundit Lennuk\u00f5rgus 30 meetrit, Minimaalne vanus: 18 Infotelefon: +372 58 470147 www.tulepood.ee Punane 40. Tallinn.<\/p>\n","protected":false},"featured_media":12537,"template":"","meta":[],"product_brand":[284,285],"product_cat":[251],"product_tag":[84],"class_list":{"0":"post-12533","1":"product","2":"type-product","3":"status-publish","4":"has-post-thumbnail","6":"product_brand-arnika-ilutulestikud","7":"product_brand-megafireworks","8":"product_cat-vaiksed-ilutulestikud","9":"product_tag-arnika","10":"pa_klass-f2","13":"outofstock","14":"shipping-taxable","15":"purchasable","16":"product-type-simple","17":"product-grid-view"},"_links":{"self":[{"href":"https:\/\/tulepood.ee\/ru\/wp-json\/wp\/v2\/product\/12533","targetHints":{"allow":["GET"]}}],"collection":[{"href":"https:\/\/tulepood.ee\/ru\/wp-json\/wp\/v2\/product"}],"about":[{"href":"https:\/\/tulepood.ee\/ru\/wp-json\/wp\/v2\/types\/product"}],"wp:featuredmedia":[{"embeddable":true,"href":"https:\/\/tulepood.ee\/ru\/wp-json\/wp\/v2\/media\/12537"}],"wp:attachment":[{"href":"https:\/\/tulepood.ee\/ru\/wp-json\/wp\/v2\/media?parent=12533"}],"wp:term":[{"taxonomy":"product_brand","embeddable":true,"href":"https:\/\/tulepood.ee\/ru\/wp-json\/wp\/v2\/product_brand?post=12533"},{"taxonomy":"product_cat","embeddable":true,"href":"https:\/\/tulepood.ee\/ru\/wp-json\/wp\/v2\/product_cat?post=12533"},{"taxonomy":"product_tag","embeddable":true,"href":"https:\/\/tulepood.ee\/ru\/wp-json\/wp\/v2\/product_tag?post=12533"}],"curies":[{"name":"wp","href":"https:\/\/api.w.org\/{rel}","templated":true}]}}