{"id":12582,"date":"2020-12-18T15:51:41","date_gmt":"2020-12-18T13:51:41","guid":{"rendered":"https:\/\/tulepood.abc\/?post_type=product&#038;p=12582"},"modified":"2025-12-31T11:13:32","modified_gmt":"2025-12-31T09:13:32","slug":"3xl-sarakuunlad","status":"publish","type":"product","link":"https:\/\/tulepood.ee\/ru\/magazin\/peretooted-ja-komplektid\/sarakuunlad\/3xl-sarakuunlad\/","title":{"rendered":"3 pakki\u00a0 S\u00c4RAK\u00dc\u00dcNLAD"},"content":{"rendered":"<p>3 pakki\u00a0 S\u00c4RAK\u00dc\u00dcNLAD<\/p>\n<p><img fetchpriority=\"high\" decoding=\"async\" class=\"alignnone size-medium wp-image-18047\" src=\"https:\/\/tulepood.ee\/wp-content\/uploads\/2025\/12\/sarakuunlade-valik-300x300.jpg\" alt=\"\" width=\"300\" height=\"300\" srcset=\"https:\/\/tulepood.ee\/wp-content\/uploads\/2025\/12\/sarakuunlade-valik-300x300.jpg 300w, https:\/\/tulepood.ee\/wp-content\/uploads\/2025\/12\/sarakuunlade-valik-1024x1024.jpg 1024w, https:\/\/tulepood.ee\/wp-content\/uploads\/2025\/12\/sarakuunlade-valik-150x150.jpg 150w, https:\/\/tulepood.ee\/wp-content\/uploads\/2025\/12\/sarakuunlade-valik-768x768.jpg 768w, https:\/\/tulepood.ee\/wp-content\/uploads\/2025\/12\/sarakuunlade-valik-1000x1000.jpg 1000w, https:\/\/tulepood.ee\/wp-content\/uploads\/2025\/12\/sarakuunlade-valik-100x100.jpg 100w, https:\/\/tulepood.ee\/wp-content\/uploads\/2025\/12\/sarakuunlade-valik.jpg 1500w\" sizes=\"(max-width: 300px) 100vw, 300px\" \/><\/p>\n","protected":false},"excerpt":{"rendered":"<p>XXL S\u00c4RAK\u00dc\u00dcNLAD<\/p>\n<p>Minimaalne vanus: 18<br \/>\nInfotelefon: +372 58 470147<br \/>\nwww.tulepood.ee<br \/>\nPunane 40. Tallinn.<\/p>\n<p>&nbsp;<\/p>\n","protected":false},"featured_media":18047,"template":"","meta":[],"product_brand":[284],"product_cat":[250,260],"product_tag":[84],"class_list":{"0":"post-12582","1":"product","2":"type-product","3":"status-publish","4":"has-post-thumbnail","6":"product_brand-arnika-ilutulestikud","7":"product_cat-ilutulestiku-patareid","8":"product_cat-sarakuunlad","9":"product_tag-arnika","10":"pa_klass-f1","13":"outofstock","14":"shipping-taxable","15":"purchasable","16":"product-type-simple","17":"product-grid-view"},"_links":{"self":[{"href":"https:\/\/tulepood.ee\/ru\/wp-json\/wp\/v2\/product\/12582","targetHints":{"allow":["GET"]}}],"collection":[{"href":"https:\/\/tulepood.ee\/ru\/wp-json\/wp\/v2\/product"}],"about":[{"href":"https:\/\/tulepood.ee\/ru\/wp-json\/wp\/v2\/types\/product"}],"wp:featuredmedia":[{"embeddable":true,"href":"https:\/\/tulepood.ee\/ru\/wp-json\/wp\/v2\/media\/18047"}],"wp:attachment":[{"href":"https:\/\/tulepood.ee\/ru\/wp-json\/wp\/v2\/media?parent=12582"}],"wp:term":[{"taxonomy":"product_brand","embeddable":true,"href":"https:\/\/tulepood.ee\/ru\/wp-json\/wp\/v2\/product_brand?post=12582"},{"taxonomy":"product_cat","embeddable":true,"href":"https:\/\/tulepood.ee\/ru\/wp-json\/wp\/v2\/product_cat?post=12582"},{"taxonomy":"product_tag","embeddable":true,"href":"https:\/\/tulepood.ee\/ru\/wp-json\/wp\/v2\/product_tag?post=12582"}],"curies":[{"name":"wp","href":"https:\/\/api.w.org\/{rel}","templated":true}]}}