{"id":12646,"date":"2021-01-19T17:49:11","date_gmt":"2021-01-19T15:49:11","guid":{"rendered":"https:\/\/tulepood.abc\/?post_type=product&#038;p=12646"},"modified":"2026-01-29T12:25:15","modified_gmt":"2026-01-29T10:25:15","slug":"vulkaan-powder-house","status":"publish","type":"product","link":"https:\/\/tulepood.ee\/ru\/magazin\/ilutulestiku-patareid\/vaiksed-ilutulestikud\/vulkaan-powder-house\/","title":{"rendered":"Suur Vulkaan &#171;Powder House&#187; 6M"},"content":{"rendered":"<p>Kahe erineva efektiga suur vulkaan. Algab vilkuvate kuldsete t\u00e4htetega ja finaal kulmineerub kuni 6m k\u00f5rgusele.<\/p>\n<p>Kestus 1 minut<\/p>\n<p>Lennuk\u00f5rgus knni 6 m.<\/p>\n<p>Minimaalne vanus: 18<br \/>\nInfotelefon: +372 58 470147<br \/>\nwww.tulepood.ee<br \/>\nPunane 40. Tallinn.<\/p>\n<p><iframe title=\"Vulkaan &quot;Powder House &quot; PSCF-11004\" width=\"1230\" height=\"692\" src=\"https:\/\/www.youtube.com\/embed\/izOSg-M56Lk?feature=oembed&#038;enablejsapi=1&#038;origin=https:\/\/tulepood.ee\" frameborder=\"0\" allow=\"accelerometer; autoplay; clipboard-write; encrypted-media; gyroscope; picture-in-picture; web-share\" referrerpolicy=\"strict-origin-when-cross-origin\" allowfullscreen><\/iframe><\/p>\n<p>&nbsp;<\/p>\n","protected":false},"excerpt":{"rendered":"<p>Kahe erineva efektiga suur vulkaan. Algab vilkuvate kuldsete t\u00e4htetega ja finaal kulmineerub kuni 6m k\u00f5rgusele. Kestus 1 minut Lennuk\u00f5rgus knni 6 m. Minimaalne vanus: 18 Infotelefon: +372 58 470147 www.tulepood.ee Punane 40. Tallinn. &nbsp;<\/p>\n","protected":false},"featured_media":18237,"template":"","meta":[],"product_brand":[],"product_cat":[250,264,256,251,270],"product_tag":[127],"class_list":{"0":"post-12646","1":"product","2":"type-product","3":"status-publish","4":"has-post-thumbnail","6":"product_cat-ilutulestiku-patareid","7":"product_cat-muu-purotehnika","8":"product_cat-peretooted-ja-komplektid","9":"product_cat-vaiksed-ilutulestikud","10":"product_cat-vulkaanid","11":"product_tag-megafireworks","12":"pa_klass-f2","15":"instock","16":"sale","17":"shipping-taxable","18":"purchasable","19":"product-type-simple","20":"product-grid-view"},"_links":{"self":[{"href":"https:\/\/tulepood.ee\/ru\/wp-json\/wp\/v2\/product\/12646","targetHints":{"allow":["GET"]}}],"collection":[{"href":"https:\/\/tulepood.ee\/ru\/wp-json\/wp\/v2\/product"}],"about":[{"href":"https:\/\/tulepood.ee\/ru\/wp-json\/wp\/v2\/types\/product"}],"wp:featuredmedia":[{"embeddable":true,"href":"https:\/\/tulepood.ee\/ru\/wp-json\/wp\/v2\/media\/18237"}],"wp:attachment":[{"href":"https:\/\/tulepood.ee\/ru\/wp-json\/wp\/v2\/media?parent=12646"}],"wp:term":[{"taxonomy":"product_brand","embeddable":true,"href":"https:\/\/tulepood.ee\/ru\/wp-json\/wp\/v2\/product_brand?post=12646"},{"taxonomy":"product_cat","embeddable":true,"href":"https:\/\/tulepood.ee\/ru\/wp-json\/wp\/v2\/product_cat?post=12646"},{"taxonomy":"product_tag","embeddable":true,"href":"https:\/\/tulepood.ee\/ru\/wp-json\/wp\/v2\/product_tag?post=12646"}],"curies":[{"name":"wp","href":"https:\/\/api.w.org\/{rel}","templated":true}]}}