{"id":12831,"date":"2021-07-30T15:22:54","date_gmt":"2021-07-30T12:22:54","guid":{"rendered":"https:\/\/tulepood.abc\/?post_type=product&#038;p=12831"},"modified":"2026-05-11T10:46:07","modified_gmt":"2026-05-11T07:46:07","slug":"70cm-sarakuunlad","status":"publish","type":"product","link":"https:\/\/tulepood.ee\/ru\/magazin\/peretooted-ja-komplektid\/sarakuunlad\/70cm-sarakuunlad\/","title":{"rendered":"S\u00c4RAK\u00dc\u00dcNLAD 70 CM &#8212; 3 tk"},"content":{"rendered":"<p>SUURED S\u00c4RAK\u00dc\u00dcNLAD 70 cm &#8212; 3 tk<\/p>\n<p><img fetchpriority=\"high\" decoding=\"async\" class=\"alignnone size-medium wp-image-18045\" src=\"https:\/\/tulepood.ee\/wp-content\/uploads\/2025\/12\/sarad-70-cm-300x300.jpg\" alt=\"\" width=\"300\" height=\"300\" srcset=\"https:\/\/tulepood.ee\/wp-content\/uploads\/2025\/12\/sarad-70-cm-300x300.jpg 300w, https:\/\/tulepood.ee\/wp-content\/uploads\/2025\/12\/sarad-70-cm-1024x1024.jpg 1024w, https:\/\/tulepood.ee\/wp-content\/uploads\/2025\/12\/sarad-70-cm-150x150.jpg 150w, https:\/\/tulepood.ee\/wp-content\/uploads\/2025\/12\/sarad-70-cm-768x768.jpg 768w, https:\/\/tulepood.ee\/wp-content\/uploads\/2025\/12\/sarad-70-cm-1000x1000.jpg 1000w, https:\/\/tulepood.ee\/wp-content\/uploads\/2025\/12\/sarad-70-cm-100x100.jpg 100w, https:\/\/tulepood.ee\/wp-content\/uploads\/2025\/12\/sarad-70-cm.jpg 1500w\" sizes=\"(max-width: 300px) 100vw, 300px\" \/><\/p>\n","protected":false},"excerpt":{"rendered":"<p>XXL S\u00c4RAK\u00dc\u00dcNLAD<\/p>\n<p>Minimaalne vanus: 18<br \/>\nInfotelefon:+372 58 470147<br \/>\nwww.tulepood.ee<br \/>\nPunane 40. Tallinn.<\/p>\n<p>&nbsp;<\/p>\n","protected":false},"featured_media":18045,"template":"","meta":[],"product_brand":[285],"product_cat":[250,256,260],"product_tag":[],"class_list":{"0":"post-12831","1":"product","2":"type-product","3":"status-publish","4":"has-post-thumbnail","6":"product_brand-megafireworks","7":"product_cat-ilutulestiku-patareid","8":"product_cat-peretooted-ja-komplektid","9":"product_cat-sarakuunlad","10":"pa_klass-f2","13":"instock","14":"shipping-taxable","15":"purchasable","16":"product-type-simple","17":"product-grid-view"},"_links":{"self":[{"href":"https:\/\/tulepood.ee\/ru\/wp-json\/wp\/v2\/product\/12831","targetHints":{"allow":["GET"]}}],"collection":[{"href":"https:\/\/tulepood.ee\/ru\/wp-json\/wp\/v2\/product"}],"about":[{"href":"https:\/\/tulepood.ee\/ru\/wp-json\/wp\/v2\/types\/product"}],"wp:featuredmedia":[{"embeddable":true,"href":"https:\/\/tulepood.ee\/ru\/wp-json\/wp\/v2\/media\/18045"}],"wp:attachment":[{"href":"https:\/\/tulepood.ee\/ru\/wp-json\/wp\/v2\/media?parent=12831"}],"wp:term":[{"taxonomy":"product_brand","embeddable":true,"href":"https:\/\/tulepood.ee\/ru\/wp-json\/wp\/v2\/product_brand?post=12831"},{"taxonomy":"product_cat","embeddable":true,"href":"https:\/\/tulepood.ee\/ru\/wp-json\/wp\/v2\/product_cat?post=12831"},{"taxonomy":"product_tag","embeddable":true,"href":"https:\/\/tulepood.ee\/ru\/wp-json\/wp\/v2\/product_tag?post=12831"}],"curies":[{"name":"wp","href":"https:\/\/api.w.org\/{rel}","templated":true}]}}