{"id":13307,"date":"2022-08-03T11:07:50","date_gmt":"2022-08-03T08:07:50","guid":{"rendered":"https:\/\/tulepood.abc\/?post_type=product&#038;p=13307"},"modified":"2025-12-29T11:52:18","modified_gmt":"2025-12-29T09:52:18","slug":"rooma-kuunal-10-lasku-copy","status":"publish","type":"product","link":"https:\/\/tulepood.ee\/ru\/magazin\/peretooted-ja-komplektid\/roomakuunlad\/rooma-kuunal-10-lasku-copy\/","title":{"rendered":"Rooma k\u00fc\u00fcnal 10 lasku (pakk)"},"content":{"rendered":"<p>Rooma k\u00fc\u00fcnal tulistab imeilusaid\u00a0 komeete.<br \/>\n10 lasku, pakkis 6 tk.<br \/>\nKestus ligi 30 sekundit<br \/>\nLennuk\u00f5rgus 30 meetrit,<br \/>\nMinimaalne vanus: 18<br \/>\nInfotelefon: +372 58 470147<br \/>\nwww.tulepood.ee<br \/>\nPunane 40. Tallinn.<\/p>\n<p><a href=\"https:\/\/youtube.com\/shorts\/how8efd4xZ0\" rel=\"nofollow noopener\" target=\"_blank\">https:\/\/youtube.com\/shorts\/how8efd4xZ0<\/a><\/p>\n<p>&nbsp;<\/p>\n","protected":false},"excerpt":{"rendered":"<p>Rooma k\u00fc\u00fcnal tulistab imeilusaid\u00a0 komeete. 10 lasku, pakkis 6 tk. Kestus ligi 30 sekundit Lennuk\u00f5rgus 30 meetrit, Minimaalne vanus: 18 Infotelefon: +372 58 470147 www.tulepood.ee Punane 40. Tallinn. https:\/\/youtube.com\/shorts\/how8efd4xZ0 &nbsp;<\/p>\n","protected":false},"featured_media":15544,"template":"","meta":[],"product_brand":[285],"product_cat":[250,256,259,251],"product_tag":[127],"class_list":{"0":"post-13307","1":"product","2":"type-product","3":"status-publish","4":"has-post-thumbnail","6":"product_brand-megafireworks","7":"product_cat-ilutulestiku-patareid","8":"product_cat-peretooted-ja-komplektid","9":"product_cat-roomakuunlad","10":"product_cat-vaiksed-ilutulestikud","11":"product_tag-megafireworks","12":"pa_klass-f2","15":"outofstock","16":"sale","17":"shipping-taxable","18":"purchasable","19":"product-type-simple","20":"product-grid-view"},"_links":{"self":[{"href":"https:\/\/tulepood.ee\/ru\/wp-json\/wp\/v2\/product\/13307","targetHints":{"allow":["GET"]}}],"collection":[{"href":"https:\/\/tulepood.ee\/ru\/wp-json\/wp\/v2\/product"}],"about":[{"href":"https:\/\/tulepood.ee\/ru\/wp-json\/wp\/v2\/types\/product"}],"wp:featuredmedia":[{"embeddable":true,"href":"https:\/\/tulepood.ee\/ru\/wp-json\/wp\/v2\/media\/15544"}],"wp:attachment":[{"href":"https:\/\/tulepood.ee\/ru\/wp-json\/wp\/v2\/media?parent=13307"}],"wp:term":[{"taxonomy":"product_brand","embeddable":true,"href":"https:\/\/tulepood.ee\/ru\/wp-json\/wp\/v2\/product_brand?post=13307"},{"taxonomy":"product_cat","embeddable":true,"href":"https:\/\/tulepood.ee\/ru\/wp-json\/wp\/v2\/product_cat?post=13307"},{"taxonomy":"product_tag","embeddable":true,"href":"https:\/\/tulepood.ee\/ru\/wp-json\/wp\/v2\/product_tag?post=13307"}],"curies":[{"name":"wp","href":"https:\/\/api.w.org\/{rel}","templated":true}]}}