{"id":13421,"date":"2022-11-24T19:16:16","date_gmt":"2022-11-24T17:16:16","guid":{"rendered":"https:\/\/tulepood.abc\/?post_type=product&#038;p=13421"},"modified":"2025-12-27T16:00:05","modified_gmt":"2025-12-27T14:00:05","slug":"ilutulestiku-toode-dum-bum-ball","status":"publish","type":"product","link":"https:\/\/tulepood.ee\/ru\/magazin\/ilutulestiku-patareid\/vaiksed-ilutulestikud\/ilutulestiku-toode-dum-bum-ball\/","title":{"rendered":"Ilutulestiku toode DUM BUM Explosive BALL"},"content":{"rendered":"<p>S\u00e4demeid pilduvat maatulestikku<\/p>\n<p><strong>Toode postiga tellida ei saa, ainult Punane 40, poodis.<\/strong><\/p>\n<ul>\n<li><span class=\"style-scope yt-formatted-string\" dir=\"auto\">Laskude arv: 1<\/span><\/li>\n<li><span class=\"style-scope yt-formatted-string\" dir=\"auto\">Kestvus (sek):\u00a0 1 sek<\/span><\/li>\n<li><span class=\"style-scope yt-formatted-string\" dir=\"auto\">Minimaalne vanus: 18 <\/span><\/li>\n<\/ul>\n<p><span class=\"style-scope yt-formatted-string\" dir=\"auto\">NB! P\u00fcrotehniliste toodete m\u00fc\u00fcgilitsentsi nr.: LPK000152. <\/span><\/p>\n<ul>\n<li><em><span class=\"style-scope yt-formatted-string\" dir=\"auto\">\u2022 Infotelefon: + 372 58 470147<\/span><\/em><\/li>\n<li><em><span class=\"style-scope yt-formatted-string\" dir=\"auto\"> \u2022 e-post: pood@tulepood.ee <\/span><\/em><\/li>\n<li><em><span class=\"style-scope yt-formatted-string\" dir=\"auto\">\u2022 E-R 10-18, L 12-16 &#8212; Punane 40, Tallinn 13619 Estonia<\/span><\/em><\/li>\n<\/ul>\n<p><iframe title=\"Ilutulestiku toode Dum Bum Explosive BALL\" width=\"1230\" height=\"692\" src=\"https:\/\/www.youtube.com\/embed\/l9MouuIne0k?feature=oembed\" frameborder=\"0\" allow=\"accelerometer; autoplay; clipboard-write; encrypted-media; gyroscope; picture-in-picture; web-share\" referrerpolicy=\"strict-origin-when-cross-origin\" allowfullscreen><\/iframe><\/p>\n","protected":false},"excerpt":{"rendered":"<p>S\u00e4demeid pilduvat maatulestikku Toode postiga tellida ei saa, ainult Punane 40, poodis. Laskude arv: 1 Kestvus (sek):\u00a0 1 sek Minimaalne vanus: 18 NB! P\u00fcrotehniliste toodete m\u00fc\u00fcgilitsentsi nr.: LPK000152. \u2022 Infotelefon: + 372 58 470147 \u2022 e-post: pood@tulepood.ee \u2022 E-R 10-18, L 12-16 &#8212; Punane 40, Tallinn 13619 Estonia<\/p>\n","protected":false},"featured_media":15552,"template":"","meta":[],"product_brand":[283],"product_cat":[251],"product_tag":[128],"class_list":{"0":"post-13421","1":"product","2":"type-product","3":"status-publish","4":"has-post-thumbnail","6":"product_brand-klasek-pyrotechnics","7":"product_cat-vaiksed-ilutulestikud","8":"product_tag-klasek","9":"pa_klass-f2","12":"outofstock","13":"shipping-taxable","14":"purchasable","15":"product-type-simple","16":"product-grid-view"},"_links":{"self":[{"href":"https:\/\/tulepood.ee\/ru\/wp-json\/wp\/v2\/product\/13421","targetHints":{"allow":["GET"]}}],"collection":[{"href":"https:\/\/tulepood.ee\/ru\/wp-json\/wp\/v2\/product"}],"about":[{"href":"https:\/\/tulepood.ee\/ru\/wp-json\/wp\/v2\/types\/product"}],"wp:featuredmedia":[{"embeddable":true,"href":"https:\/\/tulepood.ee\/ru\/wp-json\/wp\/v2\/media\/15552"}],"wp:attachment":[{"href":"https:\/\/tulepood.ee\/ru\/wp-json\/wp\/v2\/media?parent=13421"}],"wp:term":[{"taxonomy":"product_brand","embeddable":true,"href":"https:\/\/tulepood.ee\/ru\/wp-json\/wp\/v2\/product_brand?post=13421"},{"taxonomy":"product_cat","embeddable":true,"href":"https:\/\/tulepood.ee\/ru\/wp-json\/wp\/v2\/product_cat?post=13421"},{"taxonomy":"product_tag","embeddable":true,"href":"https:\/\/tulepood.ee\/ru\/wp-json\/wp\/v2\/product_tag?post=13421"}],"curies":[{"name":"wp","href":"https:\/\/api.w.org\/{rel}","templated":true}]}}