{"id":13439,"date":"2022-11-25T17:38:06","date_gmt":"2022-11-25T15:38:06","guid":{"rendered":"https:\/\/tulepood.abc\/?post_type=product&#038;p=13439"},"modified":"2025-11-26T15:54:30","modified_gmt":"2025-11-26T13:54:30","slug":"raketikomplekt-bigwhale","status":"publish","type":"product","link":"https:\/\/tulepood.ee\/ru\/magazin\/ilutulestiku-patareid\/keskmised-ilutulestikud\/raketikomplekt-bigwhale\/","title":{"rendered":"RAKETIKOMPLEKT &#171;BIG WHALE&#187; 4 tk"},"content":{"rendered":"<p>4 rakettid<\/p>\n<p>Effektid:<\/p>\n<p>1 orange dahlia and crackling rain,<\/p>\n<p>1 golden strobe willow,<\/p>\n<p>1 white strobe w\/red wave pistil,<\/p>\n<p>1 chrys to red green and crackling,<\/p>\n<p>Minimaalne vanus: 18<\/p>\n<p>NB! P\u00fcrotehniliste toodete m\u00fc\u00fcgilitsentsi nr.: LPK000152.<\/p>\n<p>\u2022 Infotelefon: + 372 58 470147<br \/>\n\u2022 e-post: pood@tulepood.ee<br \/>\n\u2022 E-R 10-18, L 12-16 &#8212; Punane 40, Tallinn 13619 Estonia<\/p>\n<p>\u2022 https:\/\/www.facebook.com\/tulepood.ilu&#8230;<\/p>\n<p>\u2022 https:\/\/www.instagram.com\/tulepood.il&#8230;<\/p>\n<p>\u2022 https:\/\/vk.com\/tulepood.ilutulestikud<\/p>\n<p>\u2022 https:\/\/www.tiktok.com\/@tulepood.ee<\/p>\n<p><a href=\"https:\/\/tulepood.abc\/wp-content\/uploads\/2022\/11\/TXR136-Big-Whale.jpg\" rel=\"nofollow noopener\" target=\"_blank\"><img fetchpriority=\"high\" decoding=\"async\" class=\"alignnone size-medium wp-image-13433\" src=\"https:\/\/tulepood.abc\/wp-content\/uploads\/2022\/11\/TXR136-Big-Whale-300x300.jpg\" alt=\"\" width=\"300\" height=\"300\" \/><\/a><\/p>\n","protected":false},"excerpt":{"rendered":"<p>4 rakettid Effektid: 1 orange dahlia and crackling rain, 1 golden strobe willow, 1 white strobe w\/red wave pistil, 1 chrys to red green and crackling, Minimaalne vanus: 18 NB! P\u00fcrotehniliste toodete m\u00fc\u00fcgilitsentsi nr.: LPK000152. \u2022 Infotelefon: + 372 58 470147 \u2022 e-post: pood@tulepood.ee \u2022 E-R 10-18, L 12-16 &#8212; Punane 40, Tallinn 13619 Estonia [&hellip;]<\/p>\n","protected":false},"featured_media":13433,"template":"","meta":[],"product_brand":[287],"product_cat":[252,251],"product_tag":[107],"class_list":{"0":"post-13439","1":"product","2":"type-product","3":"status-publish","4":"has-post-thumbnail","6":"product_brand-triplex-fireworks","7":"product_cat-keskmised-ilutulestikud","8":"product_cat-vaiksed-ilutulestikud","9":"product_tag-triplex","10":"pa_klass-f2","13":"outofstock","14":"shipping-taxable","15":"purchasable","16":"product-type-simple","17":"product-grid-view"},"_links":{"self":[{"href":"https:\/\/tulepood.ee\/ru\/wp-json\/wp\/v2\/product\/13439","targetHints":{"allow":["GET"]}}],"collection":[{"href":"https:\/\/tulepood.ee\/ru\/wp-json\/wp\/v2\/product"}],"about":[{"href":"https:\/\/tulepood.ee\/ru\/wp-json\/wp\/v2\/types\/product"}],"wp:featuredmedia":[{"embeddable":true,"href":"https:\/\/tulepood.ee\/ru\/wp-json\/wp\/v2\/media\/13433"}],"wp:attachment":[{"href":"https:\/\/tulepood.ee\/ru\/wp-json\/wp\/v2\/media?parent=13439"}],"wp:term":[{"taxonomy":"product_brand","embeddable":true,"href":"https:\/\/tulepood.ee\/ru\/wp-json\/wp\/v2\/product_brand?post=13439"},{"taxonomy":"product_cat","embeddable":true,"href":"https:\/\/tulepood.ee\/ru\/wp-json\/wp\/v2\/product_cat?post=13439"},{"taxonomy":"product_tag","embeddable":true,"href":"https:\/\/tulepood.ee\/ru\/wp-json\/wp\/v2\/product_tag?post=13439"}],"curies":[{"name":"wp","href":"https:\/\/api.w.org\/{rel}","templated":true}]}}