{"id":13521,"date":"2022-12-16T19:20:08","date_gmt":"2022-12-16T17:20:08","guid":{"rendered":"https:\/\/tulepood.abc\/?post_type=product&#038;p=13521"},"modified":"2025-12-07T13:02:37","modified_gmt":"2025-12-07T11:02:37","slug":"ilutulestik-rgb","status":"publish","type":"product","link":"https:\/\/tulepood.ee\/ru\/magazin\/ilutulestiku-patareid\/vaiksed-ilutulestikud\/ilutulestik-rgb\/","title":{"rendered":"Ilutulestik RGB 3tk"},"content":{"rendered":"<ul>\n<li><span class=\"style-scope yt-formatted-string\" dir=\"auto\">Laskude arv: 3<\/span><\/li>\n<li><span class=\"style-scope yt-formatted-string\" dir=\"auto\">Kestvus (sek): 20 sek<\/span><\/li>\n<li><span class=\"style-scope yt-formatted-string\" dir=\"auto\">Kaliiber (mm): 25<\/span><\/li>\n<li><span class=\"style-scope yt-formatted-string\" dir=\"auto\">Minimaalne vanus: 18<\/span><\/li>\n<\/ul>\n<p><iframe title=\"F3CC Colour and crackling | Klasek pyrotechnics\" width=\"1230\" height=\"692\" src=\"https:\/\/www.youtube.com\/embed\/DzRo1yvVlp0?feature=oembed\" frameborder=\"0\" allow=\"accelerometer; autoplay; clipboard-write; encrypted-media; gyroscope; picture-in-picture; web-share\" referrerpolicy=\"strict-origin-when-cross-origin\" allowfullscreen><\/iframe><\/p>\n<p><span class=\"style-scope yt-formatted-string\" dir=\"auto\">NB! P\u00fcrotehniliste toodete m\u00fc\u00fcgilitsentsi nr.: LPK000152. <\/span><\/p>\n<ul>\n<li><em><span class=\"style-scope yt-formatted-string\" dir=\"auto\">\u2022 Infotelefon: + 372 58 470147<\/span><\/em><\/li>\n<li><em><span class=\"style-scope yt-formatted-string\" dir=\"auto\"> \u2022 e-post: pood@tulepood.ee <\/span><\/em><\/li>\n<li><em><span class=\"style-scope yt-formatted-string\" dir=\"auto\">\u2022 E-R 10-18, L 12-16 &#8212; Punane 40, Tallinn 13619 Estonia<\/span><\/em><\/li>\n<\/ul>\n<p><span class=\"style-scope yt-formatted-string\" dir=\"auto\"> \u2022 <\/span><a class=\"yt-simple-endpoint style-scope yt-formatted-string\" dir=\"auto\" spellcheck=\"false\" href=\"https:\/\/www.youtube.com\/redirect?event=video_description&amp;redir_token=QUFFLUhqbWhBVlRadFFBdno5OUtXSnhXbWd4NmRmYWxJUXxBQ3Jtc0tsWmNIdEdOSGNRdzJHRmhibi1lYkFFOXQ5OGZ1QUZLUkRkSmpQOHJMeThLbXZmcEVLNmxxZzg0UDlmZHY1TWNXRTQ4MTZjWUpIZm00dGRNREFtTE9pMHhNT1piQzVOZUQzT3NGRU1JanBJckxfXzNSRQ&amp;q=https%3A%2F%2Fwww.facebook.com%2Ftulepood.ilu..&amp;v=X_KDuPQa-o0\" target=\"_blank\" rel=\"nofollow noopener\">https:\/\/www.facebook.com\/tulepood.ilu..<\/a><span class=\"style-scope yt-formatted-string\" dir=\"auto\">.<\/span><\/p>\n<p><span class=\"style-scope yt-formatted-string\" dir=\"auto\"> \u2022 <\/span><a class=\"yt-simple-endpoint style-scope yt-formatted-string\" dir=\"auto\" spellcheck=\"false\" href=\"https:\/\/www.youtube.com\/redirect?event=video_description&amp;redir_token=QUFFLUhqbWFYSWYxNDNaNmpQNy1wRlByenA2QldPcmRtZ3xBQ3Jtc0tteUFJSHhWVnBZblBHbXpCbWxNUEJIUDBFT0IxSm5ob3ZZaDNQRkhNX0NUOWo2Z3AzMmF3eDBqZURwT1E3VlF6T1FXUjFqUFRZX2NXeXZxanhLN3FqYl82dHdkR1JhQXUtUlFPeVBGWGxBQm9Za0huaw&amp;q=https%3A%2F%2Fwww.instagram.com%2Ftulepood.il..&amp;v=X_KDuPQa-o0\" target=\"_blank\" rel=\"nofollow noopener\">https:\/\/www.instagram.com\/tulepood.il..<\/a><span class=\"style-scope yt-formatted-string\" dir=\"auto\">. <\/span><\/p>\n<p><span class=\"style-scope yt-formatted-string\" dir=\"auto\">\u2022 <\/span><a class=\"yt-simple-endpoint style-scope yt-formatted-string\" dir=\"auto\" spellcheck=\"false\" href=\"https:\/\/www.youtube.com\/redirect?event=video_description&amp;redir_token=QUFFLUhqbWpDX3M1SnRXNWFhT3RsMnM0TU1EaG41TjEwQXxBQ3Jtc0ttV0o2YlhUeEdlMXpQMDBqNzAycVRxMzk2bVEzdW1lSnRNeDJJRFI1MGdmU3dDaDFFVzFHYzRMb3lKQWo1cFNhUVpYQ2NDeFczVTZiWG5yaEo2Z2F4WURpS0pGSzRoWktVcUl4RlV2aWQyNmx3YkUtNA&amp;q=https%3A%2F%2Fvk.com%2Ftulepood.ilutulestikud&amp;v=X_KDuPQa-o0\" target=\"_blank\" rel=\"nofollow noopener\">https:\/\/vk.com\/tulepood.ilutulestikud<\/a><\/p>\n<p><span class=\"style-scope yt-formatted-string\" dir=\"auto\">\u2022 <\/span><a class=\"yt-simple-endpoint style-scope yt-formatted-string\" dir=\"auto\" spellcheck=\"false\" href=\"https:\/\/www.youtube.com\/redirect?event=video_description&amp;redir_token=QUFFLUhqbldiNDlZa1c3U1E5dGwwdWJlYnRRWlNyRmVGUXxBQ3Jtc0trYjR2RzhEOFNuUlBxemhZRmoxMU90c2FDMVVLVTZ5X2JmOHVJXzFtMGt3dy1XWnRKdG5LdmdabS1qdkJHXzl3c1pmcnk3LVVJejB3S0h6NC1nNV9fUlZjck4zcEZ5Tm5uSjd0Z3dCNWpOMmRHVVZqcw&amp;q=https%3A%2F%2Fwww.tiktok.com%2F%40tulepood.ee&amp;v=X_KDuPQa-o0\" target=\"_blank\" rel=\"nofollow noopener\">https:\/\/www.tiktok.com\/@tulepood.ee<\/a><\/p>\n<p><a href=\"https:\/\/youtu.be\/fi_zsmzR2lQ\" rel=\"nofollow noopener\" target=\"_blank\">https:\/\/youtu.be\/fi_zsmzR2lQ<\/a><\/p>\n","protected":false},"excerpt":{"rendered":"<p>Laskude arv: 3 Kestvus (sek): 20 sek Kaliiber (mm): 25 Minimaalne vanus: 18 NB! P\u00fcrotehniliste toodete m\u00fc\u00fcgilitsentsi nr.: LPK000152. \u2022 Infotelefon: + 372 58 470147 \u2022 e-post: pood@tulepood.ee \u2022 E-R 10-18, L 12-16 &#8212; Punane 40, Tallinn 13619 Estonia \u2022 https:\/\/www.facebook.com\/tulepood.ilu&#8230; \u2022 https:\/\/www.instagram.com\/tulepood.il&#8230; \u2022 https:\/\/vk.com\/tulepood.ilutulestikud \u2022 https:\/\/www.tiktok.com\/@tulepood.ee https:\/\/youtu.be\/fi_zsmzR2lQ<\/p>\n","protected":false},"featured_media":15286,"template":"","meta":[],"product_brand":[283],"product_cat":[250,264,256,251,270],"product_tag":[128],"class_list":{"0":"post-13521","1":"product","2":"type-product","3":"status-publish","4":"has-post-thumbnail","6":"product_brand-klasek-pyrotechnics","7":"product_cat-ilutulestiku-patareid","8":"product_cat-muu-purotehnika","9":"product_cat-peretooted-ja-komplektid","10":"product_cat-vaiksed-ilutulestikud","11":"product_cat-vulkaanid","12":"product_tag-klasek","13":"pa_klass-f2","16":"instock","17":"sale","18":"shipping-taxable","19":"purchasable","20":"product-type-simple","21":"product-grid-view"},"_links":{"self":[{"href":"https:\/\/tulepood.ee\/ru\/wp-json\/wp\/v2\/product\/13521","targetHints":{"allow":["GET"]}}],"collection":[{"href":"https:\/\/tulepood.ee\/ru\/wp-json\/wp\/v2\/product"}],"about":[{"href":"https:\/\/tulepood.ee\/ru\/wp-json\/wp\/v2\/types\/product"}],"wp:featuredmedia":[{"embeddable":true,"href":"https:\/\/tulepood.ee\/ru\/wp-json\/wp\/v2\/media\/15286"}],"wp:attachment":[{"href":"https:\/\/tulepood.ee\/ru\/wp-json\/wp\/v2\/media?parent=13521"}],"wp:term":[{"taxonomy":"product_brand","embeddable":true,"href":"https:\/\/tulepood.ee\/ru\/wp-json\/wp\/v2\/product_brand?post=13521"},{"taxonomy":"product_cat","embeddable":true,"href":"https:\/\/tulepood.ee\/ru\/wp-json\/wp\/v2\/product_cat?post=13521"},{"taxonomy":"product_tag","embeddable":true,"href":"https:\/\/tulepood.ee\/ru\/wp-json\/wp\/v2\/product_tag?post=13521"}],"curies":[{"name":"wp","href":"https:\/\/api.w.org\/{rel}","templated":true}]}}