{"id":15393,"date":"2024-10-08T11:21:01","date_gmt":"2024-10-08T08:21:01","guid":{"rendered":"https:\/\/tulepood.abc\/?post_type=product&#038;p=15393"},"modified":"2026-01-15T13:04:57","modified_gmt":"2026-01-15T11:04:57","slug":"roheline-toss-kaepidemega-t1","status":"publish","type":"product","link":"https:\/\/tulepood.ee\/ru\/magazin\/muu-purotehnika\/varviline-suits-toss\/roheline-toss-kaepidemega-t1\/","title":{"rendered":"Roheline toss k\u00e4epidemega T1"},"content":{"rendered":"<p>Toote kestus 60 sekundit. Ainult v\u00e4ljas kasutamiseks alla 5 m\/s tuulega.<\/p>\n<p>Toss rakendub n\u00f6\u00f6rist t\u00f5mmates .<br \/>\nKui n\u00f6\u00f6rist ei s\u00fctti siis saab s\u00fc\u00fcdata paberi all asuva s\u00fc\u00fcten\u00f6\u00f6ri<\/p>\n<p>Toss on m\u00f5eldud k\u00e4es hoimiseks ja sellel on k\u00e4epide, mis ei l\u00e4he kuumaks.<\/p>\n<p>Minimaalne vanus: 18<\/p>\n<p>Hind on \u00fche toode kohta<\/p>\n<p>Lisaks saab p\u00fcrotehnikat osta aastaringselt meie kauplusest!<\/p>\n<p>\u2022 Infotelefon: +372 58 470147<br \/>\n\u2022 PyroShow O\u00dc \u2013 Tulepood ilutulestikud<br \/>\n\u2022 e-post: pood@tulepood.ee<br \/>\n\u2022 E-R 10-18, L 12-16 &#8212; Punane 40, Tallinn 13619 Estonia<\/p>\n<p>\u2022 https:\/\/www.facebook.com\/tulepood.ilu&#8230;<br \/>\n\u2022 https:\/\/www.instagram.com\/tulepood.il&#8230;<br \/>\n\u2022 https:\/\/vk.com\/tulepood.ilutulestikud<br \/>\n\u2022 https:\/\/www.tiktok.com\/@tulepood.ee<\/p>\n<p>Loodame olla Teile kasulikud, sest meil on, mida n\u00e4idata!<br \/>\nNB! P\u00fcrotehniliste toodete m\u00fc\u00fcgilitsentsi nr.: LPK000152.<\/p>\n<p>Lugege vajadustele vastavat konsulteerimist spetsialistiga.<\/p>\n<p>Pidage silmas, et p\u00fcrotehnilise toote avalikus kohas on vaja avaliku korra reeglid.<\/p>\n<p><iframe title=\"Roheline toss k\u00e4epidemega (Triplex)\" width=\"1230\" height=\"692\" src=\"https:\/\/www.youtube.com\/embed\/zUSF5hJ--J4?feature=oembed\" frameborder=\"0\" allow=\"accelerometer; autoplay; clipboard-write; encrypted-media; gyroscope; picture-in-picture; web-share\" referrerpolicy=\"strict-origin-when-cross-origin\" allowfullscreen><\/iframe><\/p>\n","protected":false},"excerpt":{"rendered":"<p>Toote kestus 60 sekundit. Ainult v\u00e4ljas kasutamiseks alla 5 m\/s tuulega. Toss rakendub n\u00f6\u00f6rist t\u00f5mmates . Kui n\u00f6\u00f6rist ei s\u00fctti siis saab s\u00fc\u00fcdata paberi all asuva s\u00fc\u00fcten\u00f6\u00f6ri Toss on m\u00f5eldud k\u00e4es hoimiseks ja sellel on k\u00e4epide, mis ei l\u00e4he kuumaks. Minimaalne vanus: 18 Hind on \u00fche toode kohta Lisaks saab p\u00fcrotehnikat osta aastaringselt meie kauplusest! [&hellip;]<\/p>\n","protected":false},"featured_media":15403,"template":"","meta":[],"product_brand":[287],"product_cat":[269],"product_tag":[107],"class_list":{"0":"post-15393","1":"product","2":"type-product","3":"status-publish","4":"has-post-thumbnail","6":"product_brand-triplex-fireworks","7":"product_cat-varviline-suits-toss","8":"product_tag-triplex","9":"pa_klass-t1","12":"outofstock","13":"shipping-taxable","14":"purchasable","15":"product-type-simple","16":"product-grid-view"},"_links":{"self":[{"href":"https:\/\/tulepood.ee\/ru\/wp-json\/wp\/v2\/product\/15393","targetHints":{"allow":["GET"]}}],"collection":[{"href":"https:\/\/tulepood.ee\/ru\/wp-json\/wp\/v2\/product"}],"about":[{"href":"https:\/\/tulepood.ee\/ru\/wp-json\/wp\/v2\/types\/product"}],"wp:featuredmedia":[{"embeddable":true,"href":"https:\/\/tulepood.ee\/ru\/wp-json\/wp\/v2\/media\/15403"}],"wp:attachment":[{"href":"https:\/\/tulepood.ee\/ru\/wp-json\/wp\/v2\/media?parent=15393"}],"wp:term":[{"taxonomy":"product_brand","embeddable":true,"href":"https:\/\/tulepood.ee\/ru\/wp-json\/wp\/v2\/product_brand?post=15393"},{"taxonomy":"product_cat","embeddable":true,"href":"https:\/\/tulepood.ee\/ru\/wp-json\/wp\/v2\/product_cat?post=15393"},{"taxonomy":"product_tag","embeddable":true,"href":"https:\/\/tulepood.ee\/ru\/wp-json\/wp\/v2\/product_tag?post=15393"}],"curies":[{"name":"wp","href":"https:\/\/api.w.org\/{rel}","templated":true}]}}