{"id":18030,"date":"2025-12-06T18:07:41","date_gmt":"2025-12-06T16:07:41","guid":{"rendered":"https:\/\/tulepood.ee\/?post_type=product&#038;p=18030"},"modified":"2025-12-31T11:12:26","modified_gmt":"2025-12-31T09:12:26","slug":"sarakuunlad-40-cm-5tk","status":"publish","type":"product","link":"https:\/\/tulepood.ee\/ru\/magazin\/peretooted-ja-komplektid\/sarakuunlad\/sarakuunlad-40-cm-5tk\/","title":{"rendered":"S\u00c4RAK\u00dc\u00dcNLAD 40 CM &#8212; 5tk"},"content":{"rendered":"<p>S\u00c4RAK\u00dc\u00dcNLAD 40 cm &#8212; 5 tk<\/p>\n<p><img fetchpriority=\"high\" decoding=\"async\" class=\"alignnone size-medium wp-image-18044\" src=\"https:\/\/tulepood.ee\/wp-content\/uploads\/2025\/12\/sarad-45-cm-300x300.jpg\" alt=\"\" width=\"300\" height=\"300\" srcset=\"https:\/\/tulepood.ee\/wp-content\/uploads\/2025\/12\/sarad-45-cm-300x300.jpg 300w, https:\/\/tulepood.ee\/wp-content\/uploads\/2025\/12\/sarad-45-cm-1024x1024.jpg 1024w, https:\/\/tulepood.ee\/wp-content\/uploads\/2025\/12\/sarad-45-cm-150x150.jpg 150w, https:\/\/tulepood.ee\/wp-content\/uploads\/2025\/12\/sarad-45-cm-768x768.jpg 768w, https:\/\/tulepood.ee\/wp-content\/uploads\/2025\/12\/sarad-45-cm-1000x1000.jpg 1000w, https:\/\/tulepood.ee\/wp-content\/uploads\/2025\/12\/sarad-45-cm-100x100.jpg 100w, https:\/\/tulepood.ee\/wp-content\/uploads\/2025\/12\/sarad-45-cm.jpg 1500w\" sizes=\"(max-width: 300px) 100vw, 300px\" \/><\/p>\n<p>&nbsp;<\/p>\n","protected":false},"excerpt":{"rendered":"<p>XXL S\u00c4RAK\u00dc\u00dcNLAD<\/p>\n<p>Minimaalne vanus: 18<br \/>\nInfotelefon:+372 58 470147<br \/>\nwww.tulepood.ee<br \/>\nPunane 40. Tallinn.<\/p>\n<p>&nbsp;<\/p>\n","protected":false},"featured_media":18044,"template":"","meta":[],"product_brand":[285],"product_cat":[256,260],"product_tag":[127],"class_list":{"0":"post-18030","1":"product","2":"type-product","3":"status-publish","4":"has-post-thumbnail","6":"product_brand-megafireworks","7":"product_cat-peretooted-ja-komplektid","8":"product_cat-sarakuunlad","9":"product_tag-megafireworks","10":"pa_klass-f1","13":"outofstock","14":"shipping-taxable","15":"purchasable","16":"product-type-simple","17":"product-grid-view"},"_links":{"self":[{"href":"https:\/\/tulepood.ee\/ru\/wp-json\/wp\/v2\/product\/18030","targetHints":{"allow":["GET"]}}],"collection":[{"href":"https:\/\/tulepood.ee\/ru\/wp-json\/wp\/v2\/product"}],"about":[{"href":"https:\/\/tulepood.ee\/ru\/wp-json\/wp\/v2\/types\/product"}],"wp:featuredmedia":[{"embeddable":true,"href":"https:\/\/tulepood.ee\/ru\/wp-json\/wp\/v2\/media\/18044"}],"wp:attachment":[{"href":"https:\/\/tulepood.ee\/ru\/wp-json\/wp\/v2\/media?parent=18030"}],"wp:term":[{"taxonomy":"product_brand","embeddable":true,"href":"https:\/\/tulepood.ee\/ru\/wp-json\/wp\/v2\/product_brand?post=18030"},{"taxonomy":"product_cat","embeddable":true,"href":"https:\/\/tulepood.ee\/ru\/wp-json\/wp\/v2\/product_cat?post=18030"},{"taxonomy":"product_tag","embeddable":true,"href":"https:\/\/tulepood.ee\/ru\/wp-json\/wp\/v2\/product_tag?post=18030"}],"curies":[{"name":"wp","href":"https:\/\/api.w.org\/{rel}","templated":true}]}}