{"id":9807,"date":"2019-11-26T11:07:56","date_gmt":"2019-11-26T09:07:56","guid":{"rendered":"https:\/\/tulepood.abc\/?post_type=product&#038;p=9807"},"modified":"2025-11-26T15:53:20","modified_gmt":"2025-11-26T13:53:20","slug":"xxl-sarakuunlad","status":"publish","type":"product","link":"https:\/\/tulepood.ee\/ru\/magazin\/ilutulestiku-patareid\/xxl-sarakuunlad\/","title":{"rendered":"XXL S\u00c4RAK\u00dc\u00dcNLAD"},"content":{"rendered":"<p>XXL S\u00c4RAK\u00dc\u00dcNLAD<\/p>\n<p><a href=\"https:\/\/tulepood.abc\/wp-content\/uploads\/2019\/11\/XXXLS.jpg\" rel=\"nofollow noopener\" target=\"_blank\"><img fetchpriority=\"high\" decoding=\"async\" class=\"alignnone size-medium wp-image-9794\" src=\"https:\/\/tulepood.abc\/wp-content\/uploads\/2019\/11\/XXXLS-300x300.jpg\" alt=\"\" width=\"300\" height=\"300\" \/><\/a><\/p>\n","protected":false},"excerpt":{"rendered":"<p>XXL S\u00c4RAK\u00dc\u00dcNLAD<\/p>\n<p>Minimaalne vanus: 18<br \/>\nInfotelefon:+372 58 470147<br \/>\nwww.tulepood.ee<br \/>\nPunane 40. Tallinn.<\/p>\n<p>&nbsp;<\/p>\n","protected":false},"featured_media":9794,"template":"","meta":[],"product_brand":[284,285],"product_cat":[250],"product_tag":[84],"class_list":{"0":"post-9807","1":"product","2":"type-product","3":"status-publish","4":"has-post-thumbnail","6":"product_brand-arnika-ilutulestikud","7":"product_brand-megafireworks","8":"product_cat-ilutulestiku-patareid","9":"product_tag-arnika","10":"pa_klass-f1","13":"outofstock","14":"shipping-taxable","15":"purchasable","16":"product-type-simple","17":"product-grid-view"},"_links":{"self":[{"href":"https:\/\/tulepood.ee\/ru\/wp-json\/wp\/v2\/product\/9807","targetHints":{"allow":["GET"]}}],"collection":[{"href":"https:\/\/tulepood.ee\/ru\/wp-json\/wp\/v2\/product"}],"about":[{"href":"https:\/\/tulepood.ee\/ru\/wp-json\/wp\/v2\/types\/product"}],"wp:featuredmedia":[{"embeddable":true,"href":"https:\/\/tulepood.ee\/ru\/wp-json\/wp\/v2\/media\/9794"}],"wp:attachment":[{"href":"https:\/\/tulepood.ee\/ru\/wp-json\/wp\/v2\/media?parent=9807"}],"wp:term":[{"taxonomy":"product_brand","embeddable":true,"href":"https:\/\/tulepood.ee\/ru\/wp-json\/wp\/v2\/product_brand?post=9807"},{"taxonomy":"product_cat","embeddable":true,"href":"https:\/\/tulepood.ee\/ru\/wp-json\/wp\/v2\/product_cat?post=9807"},{"taxonomy":"product_tag","embeddable":true,"href":"https:\/\/tulepood.ee\/ru\/wp-json\/wp\/v2\/product_tag?post=9807"}],"curies":[{"name":"wp","href":"https:\/\/api.w.org\/{rel}","templated":true}]}}