{"id":9850,"date":"2019-11-27T15:45:53","date_gmt":"2019-11-27T13:45:53","guid":{"rendered":"https:\/\/tulepood.abc\/?post_type=product&#038;p=9850"},"modified":"2025-09-26T18:40:28","modified_gmt":"2025-09-26T15:40:28","slug":"sarakuunlade-valik","status":"publish","type":"product","link":"https:\/\/tulepood.ee\/ru\/magazin\/ilutulestiku-patareid\/sarakuunlade-valik\/","title":{"rendered":"S\u00c4RAK\u00dc\u00dcNLADE VALIK"},"content":{"rendered":"<p>S\u00c4RAK\u00dc\u00dcNLADE VALIK<\/p>\n<p><a href=\"https:\/\/tulepood.abc\/wp-content\/uploads\/2019\/11\/pyrocomsara.jpg\" rel=\"nofollow noopener\" target=\"_blank\"><img fetchpriority=\"high\" decoding=\"async\" class=\"alignnone size-medium wp-image-9861\" src=\"https:\/\/tulepood.abc\/wp-content\/uploads\/2019\/11\/pyrocomsara-300x300.jpg\" alt=\"\" width=\"300\" height=\"300\" \/><\/a><\/p>\n","protected":false},"excerpt":{"rendered":"<p>S\u00c4RAK\u00dc\u00dcNLADE VALIK, Erinevad numbrid t\u00e4hed ja staarid. (Hind 1 tk eest)<\/p>\n","protected":false},"featured_media":9861,"template":"","meta":[],"product_brand":[],"product_cat":[250],"product_tag":[],"class_list":{"0":"post-9850","1":"product","2":"type-product","3":"status-publish","4":"has-post-thumbnail","6":"product_cat-ilutulestiku-patareid","7":"pa_klass-f1","10":"outofstock","11":"shipping-taxable","12":"purchasable","13":"product-type-simple","14":"product-grid-view"},"_links":{"self":[{"href":"https:\/\/tulepood.ee\/ru\/wp-json\/wp\/v2\/product\/9850","targetHints":{"allow":["GET"]}}],"collection":[{"href":"https:\/\/tulepood.ee\/ru\/wp-json\/wp\/v2\/product"}],"about":[{"href":"https:\/\/tulepood.ee\/ru\/wp-json\/wp\/v2\/types\/product"}],"wp:featuredmedia":[{"embeddable":true,"href":"https:\/\/tulepood.ee\/ru\/wp-json\/wp\/v2\/media\/9861"}],"wp:attachment":[{"href":"https:\/\/tulepood.ee\/ru\/wp-json\/wp\/v2\/media?parent=9850"}],"wp:term":[{"taxonomy":"product_brand","embeddable":true,"href":"https:\/\/tulepood.ee\/ru\/wp-json\/wp\/v2\/product_brand?post=9850"},{"taxonomy":"product_cat","embeddable":true,"href":"https:\/\/tulepood.ee\/ru\/wp-json\/wp\/v2\/product_cat?post=9850"},{"taxonomy":"product_tag","embeddable":true,"href":"https:\/\/tulepood.ee\/ru\/wp-json\/wp\/v2\/product_tag?post=9850"}],"curies":[{"name":"wp","href":"https:\/\/api.w.org\/{rel}","templated":true}]}}